{"id":693,"date":"2019-02-27T12:03:38","date_gmt":"2019-02-27T11:03:38","guid":{"rendered":"http:\/\/www.namebook.es\/contacto\/"},"modified":"2019-04-03T15:45:20","modified_gmt":"2019-04-03T13:45:20","slug":"contact","status":"publish","type":"page","link":"https:\/\/www.namebook.es\/fr\/contact\/","title":{"rendered":"Contact"},"content":{"rendered":"<p>[vc_row type=\u00a0\u00bbfull-width-section\u00a0\u00bb css=\u00a0\u00bb.vc_custom_1437391503172{margin-bottom: 0px !important;padding-top: 90px !important;padding-bottom: 40px !important;}\u00a0\u00bb][vc_column width=\u00a0\u00bb1\/4&Prime; css=\u00a0\u00bb.vc_custom_1437391519704{padding-bottom: 50px !important;}\u00a0\u00bb][\/vc_column][vc_column width=\u00a0\u00bb1\/2&Prime; css=\u00a0\u00bb.vc_custom_1437391524745{padding-bottom: 50px !important;}\u00a0\u00bb][vc_single_image image=\u00a0\u00bb366&Prime; img_size=\u00a0\u00bbfull\u00a0\u00bb alignment=\u00a0\u00bbcenter\u00a0\u00bb][vc_custom_heading text=\u00a0\u00bbContact\u00a0\u00bb font_container=\u00a0\u00bbtag:h2|text_align:center|color:%230056b3&Prime; google_fonts=\u00a0\u00bbfont_family:Roboto%20Slab%3A100%2C300%2Cregular%2C700|font_style:400%20regular%3A400%3Anormal\u00a0\u00bb][vc_column_text font_size=\u00a0\u00bb18&Prime;]<\/p>\n<p style=\"text-align: center;\"><span style=\"color: #000000;\">Vous pouvez nous contacter ou demander l&rsquo;enregistrement de nos services via le formulaire ci-dessous. Une fois votre message re\u00e7u, nous traiterons votre demande et nous vous r\u00e9pondrons dans les meilleurs d\u00e9lais.<\/span><\/p>\n<p>[\/vc_column_text][\/vc_column][vc_column width=\u00a0\u00bb1\/4&Prime;][\/vc_column][\/vc_row][vc_row type=\u00a0\u00bbfull-width-section\u00a0\u00bb css=\u00a0\u00bb.vc_custom_1551270634106{margin-bottom: 0px !important;padding-top: 50px !important;padding-bottom: 50px !important;background-color: #ebf8fc !important;}\u00a0\u00bb][vc_column width=\u00a0\u00bb1\/6&Prime;][\/vc_column][vc_column width=\u00a0\u00bb2\/3&Prime;]<style type=\"text\/css\" >#rd_s6709l0h18nj5zsjrlgt .wpcf7,#rd_s6709l0h18nj5zsjrlgt input:not([type=submit]):not([type=checkbox]),#rd_s6709l0h18nj5zsjrlgt textarea,#rd_s6709l0h18nj5zsjrlgt .wpcf7 select,#rd_s6709l0h18nj5zsjrlgt .wpcf7 input[type=\"checkbox\"]:checked{color:#000000;}#rd_s6709l0h18nj5zsjrlgt .wpcf7 input[type=\"checkbox\"]{background:rgba(0,0,0,0); color:rgba(0,0,0,0);}#rd_s6709l0h18nj5zsjrlgt ::-webkit-input-placeholder{color:#6fa4db;}#rd_s6709l0h18nj5zsjrlgt :-moz-placeholder{color:#6fa4db;}#rd_s6709l0h18nj5zsjrlgt ::-moz-placeholder{color:#6fa4db;}#rd_s6709l0h18nj5zsjrlgt :-ms-input-placeholder{color:#6fa4db;}#rd_s6709l0h18nj5zsjrlgt .wpcf7 select{color:#6fa4db;}#rd_s6709l0h18nj5zsjrlgt .wpcf7 input[type=submit]{font-size:15px; font-weight:900; border-radius:2px; padding:11px 15px; letter-spacing: 0.5px; margin-top:3px;}#rd_s6709l0h18nj5zsjrlgt .wpcf7 input[type=submit]:hover {background:#6fa4db; color:#ffffff !important;}#rd_s6709l0h18nj5zsjrlgt .wpcf7 input:not([type=submit]):not([type=checkbox]),#rd_s6709l0h18nj5zsjrlgt textarea,#rd_s6709l0h18nj5zsjrlgt .wpcf7 select{border-radius:0px;}#rd_s6709l0h18nj5zsjrlgt .wpcf7 input:not([type=submit]),#rd_s6709l0h18nj5zsjrlgt textarea,#rd_s6709l0h18nj5zsjrlgt .wpcf7 input[type=submit],#rd_s6709l0h18nj5zsjrlgt .wpcf7 select{margin-top:3px;}#rd_s6709l0h18nj5zsjrlgt p{margin-bottom:23px;}#rd_s6709l0h18nj5zsjrlgt .wpcf7 input:not([type=submit]):not([type=checkbox]),#rd_s6709l0h18nj5zsjrlgt .wpcf7  textarea,#rd_s6709l0h18nj5zsjrlgt .wpcf7 select{border:1px solid #6fa4db; background:#ffffff;}#rd_s6709l0h18nj5zsjrlgt .wpcf7 input[type=submit]{background:#ffffff; color:#3157b0 !important;}<\/style><div id=\"rd_s6709l0h18nj5zsjrlgt\" class=\"\"><div role=\"form\" class=\"wpcf7\" id=\"wpcf7-f695-o1\" lang=\"es-ES\" dir=\"ltr\">\n<div class=\"screen-reader-response\" role=\"alert\" aria-live=\"polite\"><\/div>\n<form action=\"\/fr\/wp-json\/wp\/v2\/pages\/693#wpcf7-f695-o1\" method=\"post\" class=\"wpcf7-form init\" novalidate=\"novalidate\">\n<div style=\"display: none;\">\n<input type=\"hidden\" name=\"_wpcf7\" value=\"695\" \/>\n<input type=\"hidden\" name=\"_wpcf7_version\" value=\"5.2.2\" \/>\n<input type=\"hidden\" name=\"_wpcf7_locale\" value=\"es_ES\" \/>\n<input type=\"hidden\" name=\"_wpcf7_unit_tag\" value=\"wpcf7-f695-o1\" \/>\n<input type=\"hidden\" name=\"_wpcf7_container_post\" value=\"0\" \/>\n<input type=\"hidden\" name=\"_wpcf7_posted_data_hash\" value=\"\" \/>\n<input type=\"hidden\" name=\"_wpcf7_recaptcha_response\" value=\"\" \/>\n<\/div>\n<div id=\"responsive-form\" class=\"clearfix\">\n<div class=\"form-row\">\n<div class=\"column-half\"><span class=\"wpcf7-form-control-wrap first-name\"><input type=\"text\" name=\"first-name\" value=\"\" size=\"40\" class=\"wpcf7-form-control wpcf7-text wpcf7-validates-as-required\" aria-required=\"true\" aria-invalid=\"false\" placeholder=\"Nom *\" \/><\/span><\/div>\n<div class=\"column-half\"><span class=\"wpcf7-form-control-wrap last-name\"><input type=\"text\" name=\"last-name\" value=\"\" size=\"40\" class=\"wpcf7-form-control wpcf7-text wpcf7-validates-as-required\" aria-required=\"true\" aria-invalid=\"false\" placeholder=\"Nom de famille *\" \/><\/span><\/div>\n<\/div>\n<div class=\"form-row\">\n<div class=\"column-half\"><span class=\"wpcf7-form-control-wrap tel-550\"><input type=\"tel\" name=\"tel-550\" value=\"\" size=\"40\" class=\"wpcf7-form-control wpcf7-text wpcf7-tel wpcf7-validates-as-tel\" aria-invalid=\"false\" placeholder=\"T\u00e9l\u00e9phone\" \/><\/span><\/div>\n<div class=\"column-half\"><span class=\"wpcf7-form-control-wrap your-email\"><input type=\"email\" name=\"your-email\" value=\"\" size=\"40\" class=\"wpcf7-form-control wpcf7-text wpcf7-email wpcf7-validates-as-required wpcf7-validates-as-email\" aria-required=\"true\" aria-invalid=\"false\" placeholder=\"Adresse \u00e9lectronique *\" \/><\/span><\/div>\n<\/div>\n<div class=\"form-row\">\n<div class=\"column-full\"><span class=\"wpcf7-form-control-wrap text-198\"><input type=\"text\" name=\"text-198\" value=\"\" size=\"40\" class=\"wpcf7-form-control wpcf7-text\" aria-invalid=\"false\" placeholder=\"Sujet\" \/><\/span><\/div>\n<\/div>\n<div class=\"form-row\">\n<div class=\"column-full\"><span class=\"wpcf7-form-control-wrap your-message\"><textarea name=\"your-message\" cols=\"40\" rows=\"10\" class=\"wpcf7-form-control wpcf7-textarea wpcf7-validates-as-required\" aria-required=\"true\" aria-invalid=\"false\" placeholder=\"Message *\"><\/textarea><\/span><\/div>\n<\/div>\n<style type=\"text\/css\">\n.tg  {border-collapse:collapse;border-spacing:0;}\n.tg td{vertical-align: middle; font-size:12px;padding:10px 5px;border-style:solid;border-width:1px;overflow:hidden;word-break:normal;border-color:#6fa4db;}\n.tg th{font-size:12px;font-weight:normal;padding:10px 5px;border-style:solid;border-width:1px;overflow:hidden;word-break:normal;border-color:#6fa4db;}\n.tg .tg-s6z2{text-align:center}\n.tg .tg-s268{text-align:left}\ntable.tg {max-width: 600px; margin: 10px; background-color: white;}\n<\/style>\n<table class=\"tg\" style=\"undefined;table-layout: fixed\">\n<colgroup>\n<col style=\"width: 154px\">\n<col style=\"width: 770px\">\n<\/colgroup>\n<tr>\n<th class=\"tg-s6z2\" colspan=\"2\"><span style=\"font-weight:bold\">INFORMACI\u00d3N B\u00c1SICA SOBRE NUESTRA POL\u00cdTICA DE PRIVACIDAD<\/span><\/th>\n<\/tr>\n<tr>\n<td class=\"tg-s268\"><span style=\"font-weight:bold\">Responsable<\/span><\/td>\n<td class=\"tg-s268\">TECH VALUE IB\u00c9RICA SL<\/td>\n<\/tr>\n<tr>\n<td class=\"tg-s268\"><span style=\"font-weight:bold\">Finalidad<\/span><\/td>\n<td class=\"tg-s268\">Atender consultas planteadas, enviar informaci\u00f3n y presupuesto sobre los servicios solicitados, prestar el servicio contratado.<\/td>\n<\/tr>\n<tr>\n<td class=\"tg-s268\"><span style=\"font-weight:bold\">Legitimaci\u00f3n<\/span><\/td>\n<td class=\"tg-s268\">Medidas precontractuales, inter\u00e9s leg\u00edtimo y cumplimiento de misi\u00f3n en inter\u00e9s p\u00fablico.<\/td>\n<\/tr>\n<tr>\n<td class=\"tg-s268\"><span style=\"font-weight:bold\">Destinatarios<\/span><\/td>\n<td class=\"tg-s268\">Proveedores de Servicios de Sociedad de la informaci\u00f3n<\/td>\n<\/tr>\n<tr>\n<td class=\"tg-s268\"><span style=\"font-weight:bold\">Derechos<\/span><\/td>\n<td class=\"tg-s268\">Ejercicio de los derechos de acceso, rectificaci\u00f3n, supresi\u00f3n, portabilidad y limitaci\u00f3n.<\/td>\n<\/tr>\n<tr>\n<td class=\"tg-s268\"><span style=\"font-weight:bold\">M\u00e1s informaci\u00f3n<\/span><\/td>\n<td class=\"tg-s268\">Consulta la <a href=\"\/politica-de-privacidad\/\" target=\"_blank\">Pol\u00edtica de Privacidad<\/a><\/td>\n<\/tr>\n<\/table>\n<div class=\"form-row\">\n<div class=\"column-full\"><input type=\"submit\" value=\"Envoyer\" class=\"wpcf7-form-control wpcf7-submit\" \/><\/div>\n<\/div>\n<\/div>\n<p><!--end responsive-form--><\/p>\n<div class=\"wpcf7-response-output\" role=\"alert\" aria-hidden=\"true\"><\/div><\/form><\/div><\/div>[\/vc_column][vc_column width=\u00a0\u00bb1\/6&Prime;][\/vc_column][\/vc_row]<\/p>\n","protected":false},"excerpt":{"rendered":"<p>[vc_row type=\u00a0\u00bbfull-width-section\u00a0\u00bb css=\u00a0\u00bb.vc_custom_1437391503172{margin-bottom: 0px !important;padding-top: 90px !important;padding-bottom: 40px !important;}\u00a0\u00bb][vc_column width=\u00a0\u00bb1\/4&Prime; css=\u00a0\u00bb.vc_custom_1437391519704{padding-bottom: 50px !important;}\u00a0\u00bb][\/vc_column][vc_column width=\u00a0\u00bb1\/2&Prime; css=\u00a0\u00bb.vc_custom_1437391524745{padding-bottom: 50px !important;}\u00a0\u00bb][vc_single_image image=\u00a0\u00bb366&Prime; img_size=\u00a0\u00bbfull\u00a0\u00bb alignment=\u00a0\u00bbcenter\u00a0\u00bb][vc_custom_heading text=\u00a0\u00bbContact\u00a0\u00bb font_container=\u00a0\u00bbtag:h2|text_align:center|color:%230056b3&Prime; google_fonts=\u00a0\u00bbfont_family:Roboto%20Slab%3A100%2C300%2Cregular%2C700|font_style:400%20regular%3A400%3Anormal\u00a0\u00bb][vc_column_text font_size=\u00a0\u00bb18&Prime;] Vous pouvez nous contacter ou demander l&rsquo;enregistrement de nos services via le formulaire ci-dessous. Une fois votre message re\u00e7u, nous traiterons votre demande et nous vous r\u00e9pondrons dans les meilleurs d\u00e9lais.<br \/><a href=\"https:\/\/www.namebook.es\/fr\/contact\/\" class=\"more\">Read more<\/a><\/p>\n","protected":false},"author":1,"featured_media":0,"parent":0,"menu_order":0,"comment_status":"closed","ping_status":"closed","template":"","meta":[],"_links":{"self":[{"href":"https:\/\/www.namebook.es\/fr\/wp-json\/wp\/v2\/pages\/693"}],"collection":[{"href":"https:\/\/www.namebook.es\/fr\/wp-json\/wp\/v2\/pages"}],"about":[{"href":"https:\/\/www.namebook.es\/fr\/wp-json\/wp\/v2\/types\/page"}],"author":[{"embeddable":true,"href":"https:\/\/www.namebook.es\/fr\/wp-json\/wp\/v2\/users\/1"}],"replies":[{"embeddable":true,"href":"https:\/\/www.namebook.es\/fr\/wp-json\/wp\/v2\/comments?post=693"}],"version-history":[{"count":3,"href":"https:\/\/www.namebook.es\/fr\/wp-json\/wp\/v2\/pages\/693\/revisions"}],"predecessor-version":[{"id":741,"href":"https:\/\/www.namebook.es\/fr\/wp-json\/wp\/v2\/pages\/693\/revisions\/741"}],"wp:attachment":[{"href":"https:\/\/www.namebook.es\/fr\/wp-json\/wp\/v2\/media?parent=693"}],"curies":[{"name":"wp","href":"https:\/\/api.w.org\/{rel}","templated":true}]}}