{"id":690,"date":"2019-02-21T15:33:16","date_gmt":"2019-02-21T14:33:16","guid":{"rendered":"http:\/\/www.namebook.es\/tech-value\/"},"modified":"2019-08-06T10:58:37","modified_gmt":"2019-08-06T08:58:37","slug":"tech-value","status":"publish","type":"page","link":"https:\/\/www.namebook.es\/fr\/tech-value\/","title":{"rendered":"Tech-Value"},"content":{"rendered":"<p>[vc_row type=\u00a0\u00bbfull-width-section\u00a0\u00bb css=\u00a0\u00bb.vc_custom_1437391503172{margin-bottom: 0px !important;padding-top: 90px !important;padding-bottom: 40px !important;}\u00a0\u00bb][vc_column width=\u00a0\u00bb1\/4&Prime; css=\u00a0\u00bb.vc_custom_1437391519704{padding-bottom: 50px !important;}\u00a0\u00bb][\/vc_column][vc_column width=\u00a0\u00bb1\/2&Prime; css=\u00a0\u00bb.vc_custom_1437391524745{padding-bottom: 50px !important;}\u00a0\u00bb][vc_column_text font_size=\u00a0\u00bb18&Prime;]<\/p>\n<p style=\"text-align: center;\"><span style=\"color: #000000;\">Tech-Value Iberica est une soci\u00e9t\u00e9 sp\u00e9cialis\u00e9e dans les solutions informatiques pour les institutions financi\u00e8res et l&rsquo;administration publique.<\/span><\/p>\n<p style=\"text-align: center;\"><span style=\"color: #000000;\">Tech-Value Iberica appartient au groupe international de Tech-Value S.p.A. avec des bureaux \u00e0 Milan, Andorre, Madrid et Barcelone.<\/span><\/p>\n<p style=\"text-align: center;\"><span style=\"color: #000000;\">Nos principaux clients:<\/span><\/p>\n<p>[\/vc_column_text][\/vc_column][vc_column width=\u00a0\u00bb1\/4&Prime;][\/vc_column][\/vc_row][vc_row type=\u00a0\u00bbfull-width-section\u00a0\u00bb css=\u00a0\u00bb.vc_custom_1550759618065{margin-bottom: 0px !important;padding-top: 10px !important;padding-bottom: 40px !important;}\u00a0\u00bb][vc_column width=\u00a0\u00bb1\/12&Prime;][\/vc_column][vc_column width=\u00a0\u00bb1\/4&Prime; css=\u00a0\u00bb.vc_custom_1550759523302{padding-bottom: 50px !important;}\u00a0\u00bb][vc_single_image image=\u00a0\u00bb450&Prime; img_size=\u00a0\u00bbfull\u00a0\u00bb alignment=\u00a0\u00bbcenter\u00a0\u00bb][vc_single_image image=\u00a0\u00bb452&Prime; img_size=\u00a0\u00bbfull\u00a0\u00bb alignment=\u00a0\u00bbcenter\u00a0\u00bb][vc_single_image image=\u00a0\u00bb456&Prime; img_size=\u00a0\u00bbfull\u00a0\u00bb alignment=\u00a0\u00bbcenter\u00a0\u00bb][vc_single_image image=\u00a0\u00bb460&Prime; img_size=\u00a0\u00bbfull\u00a0\u00bb alignment=\u00a0\u00bbcenter\u00a0\u00bb][vc_single_image image=\u00a0\u00bb459&Prime; img_size=\u00a0\u00bbfull\u00a0\u00bb alignment=\u00a0\u00bbcenter\u00a0\u00bb][\/vc_column][vc_column width=\u00a0\u00bb1\/3&Prime; css=\u00a0\u00bb.vc_custom_1550759559066{padding-bottom: 50px !important;}\u00a0\u00bb][vc_single_image image=\u00a0\u00bb451&Prime; img_size=\u00a0\u00bbfull\u00a0\u00bb alignment=\u00a0\u00bbcenter\u00a0\u00bb][vc_single_image image=\u00a0\u00bb453&Prime; img_size=\u00a0\u00bbfull\u00a0\u00bb alignment=\u00a0\u00bbcenter\u00a0\u00bb][vc_single_image image=\u00a0\u00bb458&Prime; img_size=\u00a0\u00bbfull\u00a0\u00bb alignment=\u00a0\u00bbcenter\u00a0\u00bb][vc_single_image image=\u00a0\u00bb449&Prime; img_size=\u00a0\u00bbfull\u00a0\u00bb alignment=\u00a0\u00bbcenter\u00a0\u00bb][vc_single_image image=\u00a0\u00bb461&Prime; img_size=\u00a0\u00bbfull\u00a0\u00bb alignment=\u00a0\u00bbcenter\u00a0\u00bb][\/vc_column][vc_column width=\u00a0\u00bb1\/4&Prime;][vc_single_image image=\u00a0\u00bb462&Prime; img_size=\u00a0\u00bbfull\u00a0\u00bb alignment=\u00a0\u00bbcenter\u00a0\u00bb][vc_single_image image=\u00a0\u00bb454&Prime; img_size=\u00a0\u00bbfull\u00a0\u00bb alignment=\u00a0\u00bbcenter\u00a0\u00bb][vc_single_image image=\u00a0\u00bb455&Prime; img_size=\u00a0\u00bbfull\u00a0\u00bb alignment=\u00a0\u00bbcenter\u00a0\u00bb][vc_single_image image=\u00a0\u00bb457&Prime; img_size=\u00a0\u00bbfull\u00a0\u00bb alignment=\u00a0\u00bbcenter\u00a0\u00bb][vc_single_image image=\u00a0\u00bb463&Prime; img_size=\u00a0\u00bbfull\u00a0\u00bb alignment=\u00a0\u00bbcenter\u00a0\u00bb][\/vc_column][vc_column width=\u00a0\u00bb1\/12&Prime;][\/vc_column][\/vc_row][vc_row type=\u00a0\u00bbfull-width-section\u00a0\u00bb css=\u00a0\u00bb.vc_custom_1550759216126{margin-bottom: 0px !important;padding-top: 90px !important;padding-bottom: 90px !important;background-color: #ebf8fc !important;}\u00a0\u00bb][vc_column width=\u00a0\u00bb1\/6&Prime;][\/vc_column][vc_column width=\u00a0\u00bb2\/3&Prime;][vc_single_image image=\u00a0\u00bb371&Prime; img_size=\u00a0\u00bbfull\u00a0\u00bb alignment=\u00a0\u00bbcenter\u00a0\u00bb][vc_column_text font_size=\u00a0\u00bb18&Prime;]<\/p>\n<p style=\"text-align: center;\"><span style=\"color: #000000;\">Si vous souhaitez nous contacter, vous pouvez utiliser les moyens suivants :<\/span><\/p>\n<p style=\"text-align: center;\"><span style=\"color: #000000;\">+34 93 408 08 03<\/span><\/p>\n<p style=\"text-align: center;\"><a href=\"mailto:soporte.tecnico@tech-value.com\" target=\"_blank\" rel=\"noopener noreferrer\"><em>soporte.tecnico@tech-value.com<\/em><\/a><\/p>\n<p style=\"text-align: center;\"><a href=\"http:\/\/www.tech-value.es\" target=\"_blank\" rel=\"noopener noreferrer\"><em>www.tech-value.es<\/em><\/a><\/p>\n<p>[\/vc_column_text][\/vc_column][vc_column width=\u00a0\u00bb1\/6&Prime;][\/vc_column][\/vc_row]<\/p>\n","protected":false},"excerpt":{"rendered":"<p>[vc_row type=\u00a0\u00bbfull-width-section\u00a0\u00bb css=\u00a0\u00bb.vc_custom_1437391503172{margin-bottom: 0px !important;padding-top: 90px !important;padding-bottom: 40px !important;}\u00a0\u00bb][vc_column width=\u00a0\u00bb1\/4&Prime; css=\u00a0\u00bb.vc_custom_1437391519704{padding-bottom: 50px !important;}\u00a0\u00bb][\/vc_column][vc_column width=\u00a0\u00bb1\/2&Prime; css=\u00a0\u00bb.vc_custom_1437391524745{padding-bottom: 50px !important;}\u00a0\u00bb][vc_column_text font_size=\u00a0\u00bb18&Prime;] Tech-Value Iberica est une soci\u00e9t\u00e9 sp\u00e9cialis\u00e9e dans les solutions informatiques pour les institutions financi\u00e8res et l&rsquo;administration publique. Tech-Value Iberica appartient au groupe international de Tech-Value S.p.A. avec des bureaux \u00e0 Milan, Andorre, Madrid et Barcelone. Nos principaux<br \/><a href=\"https:\/\/www.namebook.es\/fr\/tech-value\/\" class=\"more\">Read more<\/a><\/p>\n","protected":false},"author":1,"featured_media":0,"parent":0,"menu_order":0,"comment_status":"closed","ping_status":"closed","template":"","meta":[],"_links":{"self":[{"href":"https:\/\/www.namebook.es\/fr\/wp-json\/wp\/v2\/pages\/690"}],"collection":[{"href":"https:\/\/www.namebook.es\/fr\/wp-json\/wp\/v2\/pages"}],"about":[{"href":"https:\/\/www.namebook.es\/fr\/wp-json\/wp\/v2\/types\/page"}],"author":[{"embeddable":true,"href":"https:\/\/www.namebook.es\/fr\/wp-json\/wp\/v2\/users\/1"}],"replies":[{"embeddable":true,"href":"https:\/\/www.namebook.es\/fr\/wp-json\/wp\/v2\/comments?post=690"}],"version-history":[{"count":6,"href":"https:\/\/www.namebook.es\/fr\/wp-json\/wp\/v2\/pages\/690\/revisions"}],"predecessor-version":[{"id":856,"href":"https:\/\/www.namebook.es\/fr\/wp-json\/wp\/v2\/pages\/690\/revisions\/856"}],"wp:attachment":[{"href":"https:\/\/www.namebook.es\/fr\/wp-json\/wp\/v2\/media?parent=690"}],"curies":[{"name":"wp","href":"https:\/\/api.w.org\/{rel}","templated":true}]}}