{"id":678,"date":"2015-07-20T10:44:45","date_gmt":"2015-07-20T08:44:45","guid":{"rendered":"http:\/\/www.namebook.es\/home\/"},"modified":"2019-09-20T14:25:52","modified_gmt":"2019-09-20T12:25:52","slug":"home","status":"publish","type":"page","link":"https:\/\/www.namebook.es\/fr\/","title":{"rendered":"Accueil"},"content":{"rendered":"<p>[vc_row type=\u00a0\u00bbfull-width-section\u00a0\u00bb css=\u00a0\u00bb.vc_custom_1437391503172{margin-bottom: 0px !important;padding-top: 90px !important;padding-bottom: 40px !important;}\u00a0\u00bb][vc_column width=\u00a0\u00bb1\/4&Prime; css=\u00a0\u00bb.vc_custom_1437391519704{padding-bottom: 50px !important;}\u00a0\u00bb][\/vc_column][vc_column width=\u00a0\u00bb1\/2&Prime; css=\u00a0\u00bb.vc_custom_1437391524745{padding-bottom: 50px !important;}\u00a0\u00bb][vc_single_image image=\u00a0\u00bb349&Prime; img_size=\u00a0\u00bbfull\u00a0\u00bb alignment=\u00a0\u00bbcenter\u00a0\u00bb][vc_custom_heading text=\u00a0\u00bbQu\u2019est-ce que Namebook ?\u00a0\u00bb font_container=\u00a0\u00bbtag:h2|text_align:center|color:%230056b3&Prime; google_fonts=\u00a0\u00bbfont_family:Roboto%20Slab%3A100%2C300%2Cregular%2C700|font_style:400%20regular%3A400%3Anormal\u00a0\u00bb][vc_column_text font_size=\u00a0\u00bb18&Prime;]<\/p>\n<p style=\"text-align: center;\"><span style=\"color: #000000;\"><strong>NameBook<\/strong> est un logiciel de <strong>Pr\u00e9vention du Blanchiment d\u2019Argent<\/strong>.<\/span><\/p>\n<p style=\"text-align: center;\"><span style=\"color: #000000;\"><strong>Namebook<\/strong> permet de d\u00e9tecter les \u00e9ventuels agents de blanchiment et de respecter les obligations de la Loi sur la <strong>Pr\u00e9vention du Blanchiment d\u2019Argent<\/strong>.<\/span><\/p>\n<p style=\"text-align: center;\"><span style=\"color: #000000;\">Avec <strong>Namebook<\/strong> vous pouvez acc\u00e9der rapidement et intelligemment \u00e0 une base de donn\u00e9es que contenant des informations sur les personnes et les entreprises \u00e0 risque, li\u00e9es \u00e0 la <strong>Pr\u00e9vention du Blanchiment d\u2019Argent<\/strong>.<\/span><\/p>\n<p>[\/vc_column_text][\/vc_column][vc_column width=\u00a0\u00bb1\/4&Prime;][\/vc_column][\/vc_row][vc_row type=\u00a0\u00bbfull-width-section\u00a0\u00bb css=\u00a0\u00bb.vc_custom_1550587046387{margin-bottom: 0px !important;padding-top: 150px !important;padding-bottom: 150px !important;background-color: #ebf8fc !important;}\u00a0\u00bb][vc_column width=\u00a0\u00bb1\/6&Prime;][\/vc_column][vc_column width=\u00a0\u00bb2\/3&Prime;][vc_single_image image=\u00a0\u00bb348&Prime; img_size=\u00a0\u00bbfull\u00a0\u00bb alignment=\u00a0\u00bbcenter\u00a0\u00bb][vc_custom_heading text=\u00a0\u00bbQui a besoin Namebook ?\u00a0\u00bb font_container=\u00a0\u00bbtag:h2|text_align:center|color:%230056b3&Prime; google_fonts=\u00a0\u00bbfont_family:Roboto%20Slab%3A100%2C300%2Cregular%2C700|font_style:400%20regular%3A400%3Anormal\u00a0\u00bb][vc_column_text font_size=\u00a0\u00bb18&Prime;]<\/p>\n<p style=\"text-align: center;\"><span style=\"color: #000000;\">La Loi sur la pr\u00e9vention du blanchiment de capitaux et du financement du terrorisme pr\u00e9voit que les personnes morales et physiques doivent lorsqu\u2019ils g\u00e8rent un minimum de transactions,<br \/>\nv\u00e9rifier que la contrepartie n&rsquo;est pas une personne physique ou morale \u00e0 risque. Si tel est le cas, ils doivent adresser une plainte \u00e0 SEPBLAC (<a href=\"https:\/\/www.sepblac.es\" target=\"_blank\" rel=\"noopener noreferrer\">www.sepblac.es<\/a>).<\/span><\/p>\n<p style=\"text-align: center;\"><span style=\"color: #000000;\">Les sujets oblig\u00e9es sont: <strong>Entit\u00e9s financi\u00e8res, assureurs, bureaux de change, avocats, notaires, agents immobiliers, bijoutiers, marchand d\u2019art et d\u2019antiquit\u00e9s, secteur du jeu<\/strong>.<\/span><\/p>\n<p>[\/vc_column_text][\/vc_column][vc_column width=\u00a0\u00bb1\/6&Prime;][\/vc_column][\/vc_row][vc_row type=\u00a0\u00bbfull-width-section\u00a0\u00bb css=\u00a0\u00bb.vc_custom_1437391503172{margin-bottom: 0px !important;padding-top: 90px !important;padding-bottom: 40px !important;}\u00a0\u00bb][vc_column width=\u00a0\u00bb1\/6&Prime; css=\u00a0\u00bb.vc_custom_1550586941384{padding-bottom: 50px !important;}\u00a0\u00bb][\/vc_column][vc_column width=\u00a0\u00bb2\/3&Prime; css=\u00a0\u00bb.vc_custom_1550586951394{padding-bottom: 50px !important;}\u00a0\u00bb][vc_single_image image=\u00a0\u00bb350&Prime; img_size=\u00a0\u00bbfull\u00a0\u00bb alignment=\u00a0\u00bbcenter\u00a0\u00bb][vc_custom_heading text=\u00a0\u00bbQue contient la base de donn\u00e9es ?\u00a0\u00bb font_container=\u00a0\u00bbtag:h2|text_align:center|color:%230056b3&Prime; google_fonts=\u00a0\u00bbfont_family:Roboto%20Slab%3A100%2C300%2Cregular%2C700|font_style:400%20regular%3A400%3Anormal\u00a0\u00bb][vc_column_text font_size=\u00a0\u00bb18&Prime;]<\/p>\n<p style=\"text-align: center;\"><span style=\"color: #000000;\">NameBook contient plus de 1 000 listes noires internationales (OFAC, UE, ONU, INTERPOL, FBI &#8230;) enrichies d\u2019informations suppl\u00e9mentaires et de photographies.<\/span><\/p>\n<p style=\"text-align: center;\"><span style=\"color: #000000;\">NameBook inclut \u00e9galement des donn\u00e9es relatives \u00e0 environ un million de personnes et d\u2019entreprises du monde entier li\u00e9es \u00e0 la sph\u00e8re politique (PEPS) ou class\u00e9es comme de risque. Ces informations sont pr\u00e9par\u00e9es et mises \u00e0 jour quotidiennement pour plus de 500 chercheurs r\u00e9partis sur les 5 continents.<\/span><\/p>\n<p style=\"text-align: center;\"><span style=\"color: #000000;\">La base de donn\u00e9es comprend \u00e0 la fois des photographies, des noms connus, des dates de naissance, des nationalit\u00e9s et des r\u00e9sidences, des curriculum vitae, des membres de la famille et des personnes proches, ainsi que des r\u00e9f\u00e9rences \u00e0 d\u2019autres sources d\u2019information. Dans certains cas pr\u00e9vus par la Loi de protection de donn\u00e9es, les num\u00e9ros NIF, CIF ou passeport sont \u00e9galement inclus.<\/span><\/p>\n<p>[\/vc_column_text][\/vc_column][vc_column width=\u00a0\u00bb1\/6&Prime;][\/vc_column][\/vc_row]<\/p>\n","protected":false},"excerpt":{"rendered":"<p>[vc_row type=\u00a0\u00bbfull-width-section\u00a0\u00bb css=\u00a0\u00bb.vc_custom_1437391503172{margin-bottom: 0px !important;padding-top: 90px !important;padding-bottom: 40px !important;}\u00a0\u00bb][vc_column width=\u00a0\u00bb1\/4&Prime; css=\u00a0\u00bb.vc_custom_1437391519704{padding-bottom: 50px !important;}\u00a0\u00bb][\/vc_column][vc_column width=\u00a0\u00bb1\/2&Prime; css=\u00a0\u00bb.vc_custom_1437391524745{padding-bottom: 50px !important;}\u00a0\u00bb][vc_single_image image=\u00a0\u00bb349&Prime; img_size=\u00a0\u00bbfull\u00a0\u00bb alignment=\u00a0\u00bbcenter\u00a0\u00bb][vc_custom_heading text=\u00a0\u00bbQu\u2019est-ce que Namebook ?\u00a0\u00bb font_container=\u00a0\u00bbtag:h2|text_align:center|color:%230056b3&Prime; google_fonts=\u00a0\u00bbfont_family:Roboto%20Slab%3A100%2C300%2Cregular%2C700|font_style:400%20regular%3A400%3Anormal\u00a0\u00bb][vc_column_text font_size=\u00a0\u00bb18&Prime;] NameBook est un logiciel de Pr\u00e9vention du Blanchiment d\u2019Argent. Namebook permet de d\u00e9tecter les \u00e9ventuels agents de blanchiment et de respecter les obligations de la Loi sur la<br \/><a href=\"https:\/\/www.namebook.es\/fr\/\" class=\"more\">Read more<\/a><\/p>\n","protected":false},"author":1,"featured_media":0,"parent":0,"menu_order":0,"comment_status":"closed","ping_status":"closed","template":"","meta":[],"_links":{"self":[{"href":"https:\/\/www.namebook.es\/fr\/wp-json\/wp\/v2\/pages\/678"}],"collection":[{"href":"https:\/\/www.namebook.es\/fr\/wp-json\/wp\/v2\/pages"}],"about":[{"href":"https:\/\/www.namebook.es\/fr\/wp-json\/wp\/v2\/types\/page"}],"author":[{"embeddable":true,"href":"https:\/\/www.namebook.es\/fr\/wp-json\/wp\/v2\/users\/1"}],"replies":[{"embeddable":true,"href":"https:\/\/www.namebook.es\/fr\/wp-json\/wp\/v2\/comments?post=678"}],"version-history":[{"count":7,"href":"https:\/\/www.namebook.es\/fr\/wp-json\/wp\/v2\/pages\/678\/revisions"}],"predecessor-version":[{"id":998,"href":"https:\/\/www.namebook.es\/fr\/wp-json\/wp\/v2\/pages\/678\/revisions\/998"}],"wp:attachment":[{"href":"https:\/\/www.namebook.es\/fr\/wp-json\/wp\/v2\/media?parent=678"}],"curies":[{"name":"wp","href":"https:\/\/api.w.org\/{rel}","templated":true}]}}