{"id":1198,"date":"2023-10-27T12:05:03","date_gmt":"2023-10-27T10:05:03","guid":{"rendered":"https:\/\/www.namebook.es\/?page_id=1198"},"modified":"2023-11-14T15:21:31","modified_gmt":"2023-11-14T14:21:31","slug":"software-prevencion-blanqueo-capitales","status":"publish","type":"page","link":"https:\/\/www.namebook.es\/fr\/software-prevencion-blanqueo-capitales\/","title":{"rendered":"Software Pr\u00e9vention du Blanchiment d&rsquo;Argent"},"content":{"rendered":"<p>[vc_row type=\u00a0\u00bbfull-width-section\u00a0\u00bb css=\u00a0\u00bb.vc_custom_1437391503172{margin-bottom: 0px !important;padding-top: 90px !important;padding-bottom: 40px !important;}\u00a0\u00bb][vc_column width=\u00a0\u00bb1\/4&Prime; css=\u00a0\u00bb.vc_custom_1437391519704{padding-bottom: 50px !important;}\u00a0\u00bb][\/vc_column][vc_column width=\u00a0\u00bb1\/2&Prime; css=\u00a0\u00bb.vc_custom_1437391524745{padding-bottom: 50px !important;}\u00a0\u00bb][vc_single_image image=\u00a0\u00bb349&Prime; img_size=\u00a0\u00bbfull\u00a0\u00bb alignment=\u00a0\u00bbcenter\u00a0\u00bb][vc_custom_heading text=\u00a0\u00bbQu\u2019est-ce que Namebook ?\u00a0\u00bb font_container=\u00a0\u00bbtag:h2|text_align:center|color:%230056b3&Prime; google_fonts=\u00a0\u00bbfont_family:Roboto%20Slab%3A100%2C300%2Cregular%2C700|font_style:400%20regular%3A400%3Anormal\u00a0\u00bb][vc_column_text font_size=\u00a0\u00bb18&Prime;]<\/p>\n<p style=\"text-align: center; font-size: larger;\"><span style=\"color: #000000;\">La plateforme de <strong>Pr\u00e9vention du Blanchiment d&rsquo;Argent<\/strong> accessible \u00e0 toutes les entreprises.<\/span><\/p>\n<p style=\"text-align: center; font-size: larger;\"><span style=\"color: #000000;\"><strong>NameBook<\/strong> permet \u00e0 votre entreprise d&rsquo;obtenir une documentation certifi\u00e9e pour prouver \u00e0 tout moment la liaison ou l&rsquo;absence de liaison de vos clients avec les listes internationales de <strong>Pr\u00e9vention du Blanchiment d&rsquo;Argent<\/strong><\/span><\/p>\n<p>&nbsp;<\/p>\n<div style=\"text-align: center; background-color: #0056b3; padding: 10px 20px;\"><a style=\"text-decoration: none; color: white; font-size: larger;\" href=\"https:\/\/www.namebook.es\/precios\/\">Essai gratuit<\/a><\/div>\n<p>[\/vc_column_text][\/vc_column][vc_column width=\u00a0\u00bb1\/4&Prime;][\/vc_column][\/vc_row][vc_row type=\u00a0\u00bbfull-width-section\u00a0\u00bb css=\u00a0\u00bb.vc_custom_1550587046387{margin-bottom: 0px !important;padding-top: 150px !important;padding-bottom: 150px !important;background-color: #ebf8fc !important;}\u00a0\u00bb][vc_column width=\u00a0\u00bb1\/6&Prime;][\/vc_column][vc_column width=\u00a0\u00bb2\/3&Prime;][vc_single_image image=\u00a0\u00bb348&Prime; img_size=\u00a0\u00bbfull\u00a0\u00bb alignment=\u00a0\u00bbcenter\u00a0\u00bb][vc_custom_heading text=\u00a0\u00bbQui a besoin Namebook ?\u00a0\u00bb font_container=\u00a0\u00bbtag:h2|text_align:center|color:%230056b3&Prime; google_fonts=\u00a0\u00bbfont_family:Roboto%20Slab%3A100%2C300%2Cregular%2C700|font_style:400%20regular%3A400%3Anormal\u00a0\u00bb][vc_column_text font_size=\u00a0\u00bb18&Prime;]<\/p>\n<p style=\"text-align: center; font-size: larger;\"><span style=\"color: #000000;\">De nombreuses entreprises sont tenues de respecter la loi sur la <strong>Pr\u00e9vention du Blanchiment d&rsquo;Argent.<\/strong>.<\/span><\/p>\n<p style=\"text-align: center; font-size: larger;\"><span style=\"color: #000000;\"><strong>NameBook<\/strong>\u00a0est la solution compl\u00e8te de <strong>Pr\u00e9vention du Blanchiment d&rsquo;Argent<\/strong> de <strong>Tech-Value<\/strong>, utilis\u00e9e par plus de 1 000 avocats, agents immobiliers, institutions financi\u00e8res, &#8230;<\/span><\/p>\n<p style=\"text-align: center; color: #000000; font-size: larger;\">Avec <strong>NameBook<\/strong>, vous pouvez acc\u00e9der rapidement et intelligemment \u00e0 plusieurs bases de donn\u00e9es contenant plus d&rsquo;un million de fiches d&rsquo;information sur des personnes et des entreprises \u00e0 risque, li\u00e9es \u00e0 la <strong>Pr\u00e9vention du Blanchiment d&rsquo;Argent<\/strong>.<\/p>\n<p>[\/vc_column_text][\/vc_column][vc_column width=\u00a0\u00bb1\/6&Prime;][\/vc_column][\/vc_row][vc_row type=\u00a0\u00bbfull-width-section\u00a0\u00bb css=\u00a0\u00bb.vc_custom_1437391503172{margin-bottom: 0px !important;padding-top: 90px !important;padding-bottom: 40px !important;}\u00a0\u00bb][vc_column width=\u00a0\u00bb1\/6&Prime; css=\u00a0\u00bb.vc_custom_1550586941384{padding-bottom: 50px !important;}\u00a0\u00bb][\/vc_column][vc_column width=\u00a0\u00bb2\/3&Prime; css=\u00a0\u00bb.vc_custom_1550586951394{padding-bottom: 50px !important;}\u00a0\u00bb][vc_single_image image=\u00a0\u00bb350&Prime; img_size=\u00a0\u00bbfull\u00a0\u00bb alignment=\u00a0\u00bbcenter\u00a0\u00bb][vc_custom_heading text=\u00a0\u00bbNamebook consulte plus de 1 500 bases de donn\u00e9es dans le monde, y compris la liste Dow Jones Watchlist comme la principale.\u00a0\u00bb font_container=\u00a0\u00bbtag:h2|text_align:center|color:%230056b3&Prime; google_fonts=\u00a0\u00bbfont_family:Roboto%20Slab%3A100%2C300%2Cregular%2C700|font_style:400%20regular%3A400%3Anormal\u00a0\u00bb][vc_column_text font_size=\u00a0\u00bb18&Prime;]<\/p>\n<p style=\"text-align: center; font-size: larger;\"><strong><span style=\"color: #000000;\">La liste Dow Jones Watchlist est la plus utilis\u00e9e par toutes les banques du monde.<\/span><\/strong><\/p>\n<p>&nbsp;<\/p>\n<div style=\"text-align: center; background-color: #0056b3; padding: 10px 20px;\"><a style=\"text-decoration: none; color: white; font-size: larger;\" href=\"https:\/\/www.namebook.es\/precios\/\">Essai gratuit<\/a><\/div>\n<p>&nbsp;<\/p>\n<p style=\"text-align: center; font-size: larger;\"><span style=\"color: #000000;\"><strong>Pour plus d&rsquo;informations<\/strong><\/span><\/p>\n<p style=\"text-align: center; font-size: larger;\"><a href=\"https:\/\/www.namebook.es\">www.namebook.es<\/a><\/p>\n<p style=\"text-align: center; font-size: larger;\"><a href=\"mailto:info-iberica@tech-value.com\">info-iberica@tech-value.com<\/a><\/p>\n<p>[\/vc_column_text][\/vc_column][vc_column width=\u00a0\u00bb1\/6&Prime;][\/vc_column][\/vc_row]<\/p>\n","protected":false},"excerpt":{"rendered":"<p>[vc_row type=\u00a0\u00bbfull-width-section\u00a0\u00bb css=\u00a0\u00bb.vc_custom_1437391503172{margin-bottom: 0px !important;padding-top: 90px !important;padding-bottom: 40px !important;}\u00a0\u00bb][vc_column width=\u00a0\u00bb1\/4&Prime; css=\u00a0\u00bb.vc_custom_1437391519704{padding-bottom: 50px !important;}\u00a0\u00bb][\/vc_column][vc_column width=\u00a0\u00bb1\/2&Prime; css=\u00a0\u00bb.vc_custom_1437391524745{padding-bottom: 50px !important;}\u00a0\u00bb][vc_single_image image=\u00a0\u00bb349&Prime; img_size=\u00a0\u00bbfull\u00a0\u00bb alignment=\u00a0\u00bbcenter\u00a0\u00bb][vc_custom_heading text=\u00a0\u00bbQu\u2019est-ce que Namebook ?\u00a0\u00bb font_container=\u00a0\u00bbtag:h2|text_align:center|color:%230056b3&Prime; google_fonts=\u00a0\u00bbfont_family:Roboto%20Slab%3A100%2C300%2Cregular%2C700|font_style:400%20regular%3A400%3Anormal\u00a0\u00bb][vc_column_text font_size=\u00a0\u00bb18&Prime;] La plateforme de Pr\u00e9vention du Blanchiment d&rsquo;Argent accessible \u00e0 toutes les entreprises. NameBook permet \u00e0 votre entreprise d&rsquo;obtenir une documentation certifi\u00e9e pour prouver \u00e0 tout moment la liaison<br \/><a href=\"https:\/\/www.namebook.es\/fr\/software-prevencion-blanqueo-capitales\/\" class=\"more\">Read more<\/a><\/p>\n","protected":false},"author":2,"featured_media":0,"parent":0,"menu_order":0,"comment_status":"closed","ping_status":"closed","template":"","meta":[],"_links":{"self":[{"href":"https:\/\/www.namebook.es\/fr\/wp-json\/wp\/v2\/pages\/1198"}],"collection":[{"href":"https:\/\/www.namebook.es\/fr\/wp-json\/wp\/v2\/pages"}],"about":[{"href":"https:\/\/www.namebook.es\/fr\/wp-json\/wp\/v2\/types\/page"}],"author":[{"embeddable":true,"href":"https:\/\/www.namebook.es\/fr\/wp-json\/wp\/v2\/users\/2"}],"replies":[{"embeddable":true,"href":"https:\/\/www.namebook.es\/fr\/wp-json\/wp\/v2\/comments?post=1198"}],"version-history":[{"count":5,"href":"https:\/\/www.namebook.es\/fr\/wp-json\/wp\/v2\/pages\/1198\/revisions"}],"predecessor-version":[{"id":1250,"href":"https:\/\/www.namebook.es\/fr\/wp-json\/wp\/v2\/pages\/1198\/revisions\/1250"}],"wp:attachment":[{"href":"https:\/\/www.namebook.es\/fr\/wp-json\/wp\/v2\/media?parent=1198"}],"curies":[{"name":"wp","href":"https:\/\/api.w.org\/{rel}","templated":true}]}}