{"id":629,"date":"2019-02-27T12:03:38","date_gmt":"2019-02-27T11:03:38","guid":{"rendered":"http:\/\/www.namebook.es\/contacto\/"},"modified":"2019-03-18T13:09:55","modified_gmt":"2019-03-18T12:09:55","slug":"contact","status":"publish","type":"page","link":"https:\/\/www.namebook.es\/en\/contact\/","title":{"rendered":"Contact"},"content":{"rendered":"<p>[vc_row type=&#8221;full-width-section&#8221; css=&#8221;.vc_custom_1437391503172{margin-bottom: 0px !important;padding-top: 90px !important;padding-bottom: 40px !important;}&#8221;][vc_column width=&#8221;1\/4&#8243; css=&#8221;.vc_custom_1437391519704{padding-bottom: 50px !important;}&#8221;][\/vc_column][vc_column width=&#8221;1\/2&#8243; css=&#8221;.vc_custom_1437391524745{padding-bottom: 50px !important;}&#8221;][vc_single_image image=&#8221;366&#8243; img_size=&#8221;full&#8221; alignment=&#8221;center&#8221;][vc_custom_heading text=&#8221;Contact&#8221; font_container=&#8221;tag:h2|text_align:center|color:%230056b3&#8243; google_fonts=&#8221;font_family:Roboto%20Slab%3A100%2C300%2Cregular%2C700|font_style:400%20regular%3A400%3Anormal&#8221;][vc_column_text font_size=&#8221;18&#8243;]<\/p>\n<p style=\"text-align: center;\"><span style=\"color: #000000;\">You can contact or request the registration of our services through the following form. Once we have received your message, we will process your request and we will respond as soon as possible.<\/span><\/p>\n<p>[\/vc_column_text][\/vc_column][vc_column width=&#8221;1\/4&#8243;][\/vc_column][\/vc_row][vc_row type=&#8221;full-width-section&#8221; css=&#8221;.vc_custom_1551270634106{margin-bottom: 0px !important;padding-top: 50px !important;padding-bottom: 50px !important;background-color: #ebf8fc !important;}&#8221;][vc_column width=&#8221;1\/6&#8243;][\/vc_column][vc_column width=&#8221;2\/3&#8243;]<style type=\"text\/css\" >#rd_3ox3hudwd9yx3f22q4l8 .wpcf7,#rd_3ox3hudwd9yx3f22q4l8 input:not([type=submit]):not([type=checkbox]),#rd_3ox3hudwd9yx3f22q4l8 textarea,#rd_3ox3hudwd9yx3f22q4l8 .wpcf7 select,#rd_3ox3hudwd9yx3f22q4l8 .wpcf7 input[type=\"checkbox\"]:checked{color:#000000;}#rd_3ox3hudwd9yx3f22q4l8 .wpcf7 input[type=\"checkbox\"]{background:rgba(0,0,0,0); color:rgba(0,0,0,0);}#rd_3ox3hudwd9yx3f22q4l8 ::-webkit-input-placeholder{color:#6fa4db;}#rd_3ox3hudwd9yx3f22q4l8 :-moz-placeholder{color:#6fa4db;}#rd_3ox3hudwd9yx3f22q4l8 ::-moz-placeholder{color:#6fa4db;}#rd_3ox3hudwd9yx3f22q4l8 :-ms-input-placeholder{color:#6fa4db;}#rd_3ox3hudwd9yx3f22q4l8 .wpcf7 select{color:#6fa4db;}#rd_3ox3hudwd9yx3f22q4l8 .wpcf7 input[type=submit]{font-size:15px; font-weight:900; border-radius:2px; padding:11px 15px; letter-spacing: 0.5px; margin-top:3px;}#rd_3ox3hudwd9yx3f22q4l8 .wpcf7 input[type=submit]:hover {background:#6fa4db; color:#ffffff !important;}#rd_3ox3hudwd9yx3f22q4l8 .wpcf7 input:not([type=submit]):not([type=checkbox]),#rd_3ox3hudwd9yx3f22q4l8 textarea,#rd_3ox3hudwd9yx3f22q4l8 .wpcf7 select{border-radius:0px;}#rd_3ox3hudwd9yx3f22q4l8 .wpcf7 input:not([type=submit]),#rd_3ox3hudwd9yx3f22q4l8 textarea,#rd_3ox3hudwd9yx3f22q4l8 .wpcf7 input[type=submit],#rd_3ox3hudwd9yx3f22q4l8 .wpcf7 select{margin-top:3px;}#rd_3ox3hudwd9yx3f22q4l8 p{margin-bottom:23px;}#rd_3ox3hudwd9yx3f22q4l8 .wpcf7 input:not([type=submit]):not([type=checkbox]),#rd_3ox3hudwd9yx3f22q4l8 .wpcf7  textarea,#rd_3ox3hudwd9yx3f22q4l8 .wpcf7 select{border:1px solid #6fa4db; background:#ffffff;}#rd_3ox3hudwd9yx3f22q4l8 .wpcf7 input[type=submit]{background:#ffffff; color:#3157b0 !important;}<\/style><div id=\"rd_3ox3hudwd9yx3f22q4l8\" class=\"\"><div role=\"form\" class=\"wpcf7\" id=\"wpcf7-f631-o1\" lang=\"es-ES\" dir=\"ltr\">\n<div class=\"screen-reader-response\" role=\"alert\" aria-live=\"polite\"><\/div>\n<form action=\"\/en\/wp-json\/wp\/v2\/pages\/629#wpcf7-f631-o1\" method=\"post\" class=\"wpcf7-form init\" novalidate=\"novalidate\">\n<div style=\"display: none;\">\n<input type=\"hidden\" name=\"_wpcf7\" value=\"631\" \/>\n<input type=\"hidden\" name=\"_wpcf7_version\" value=\"5.2.2\" \/>\n<input type=\"hidden\" name=\"_wpcf7_locale\" value=\"es_ES\" \/>\n<input type=\"hidden\" name=\"_wpcf7_unit_tag\" value=\"wpcf7-f631-o1\" \/>\n<input type=\"hidden\" name=\"_wpcf7_container_post\" value=\"0\" \/>\n<input type=\"hidden\" name=\"_wpcf7_posted_data_hash\" value=\"\" \/>\n<input type=\"hidden\" name=\"_wpcf7_recaptcha_response\" value=\"\" \/>\n<\/div>\n<div id=\"responsive-form\" class=\"clearfix\">\n<div class=\"form-row\">\n<div class=\"column-half\"><span class=\"wpcf7-form-control-wrap first-name\"><input type=\"text\" name=\"first-name\" value=\"\" size=\"40\" class=\"wpcf7-form-control wpcf7-text wpcf7-validates-as-required\" aria-required=\"true\" aria-invalid=\"false\" placeholder=\"First Name *\" \/><\/span><\/div>\n<div class=\"column-half\"><span class=\"wpcf7-form-control-wrap last-name\"><input type=\"text\" name=\"last-name\" value=\"\" size=\"40\" class=\"wpcf7-form-control wpcf7-text wpcf7-validates-as-required\" aria-required=\"true\" aria-invalid=\"false\" placeholder=\"Last Name *\" \/><\/span><\/div>\n<\/div>\n<div class=\"form-row\">\n<div class=\"column-half\"><span class=\"wpcf7-form-control-wrap tel-550\"><input type=\"tel\" name=\"tel-550\" value=\"\" size=\"40\" class=\"wpcf7-form-control wpcf7-text wpcf7-tel wpcf7-validates-as-tel\" aria-invalid=\"false\" placeholder=\"Telephone\" \/><\/span><\/div>\n<div class=\"column-half\"><span class=\"wpcf7-form-control-wrap your-email\"><input type=\"email\" name=\"your-email\" value=\"\" size=\"40\" class=\"wpcf7-form-control wpcf7-text wpcf7-email wpcf7-validates-as-required wpcf7-validates-as-email\" aria-required=\"true\" aria-invalid=\"false\" placeholder=\"Email *\" \/><\/span><\/div>\n<\/div>\n<div class=\"form-row\">\n<div class=\"column-full\"><span class=\"wpcf7-form-control-wrap text-198\"><input type=\"text\" name=\"text-198\" value=\"\" size=\"40\" class=\"wpcf7-form-control wpcf7-text\" aria-invalid=\"false\" placeholder=\"Subject\" \/><\/span><\/div>\n<\/div>\n<div class=\"form-row\">\n<div class=\"column-full\"><span class=\"wpcf7-form-control-wrap your-message\"><textarea name=\"your-message\" cols=\"40\" rows=\"10\" class=\"wpcf7-form-control wpcf7-textarea wpcf7-validates-as-required\" aria-required=\"true\" aria-invalid=\"false\" placeholder=\"Message Text *\"><\/textarea><\/span><\/div>\n<\/div>\n<style type=\"text\/css\">\n.tg  {border-collapse:collapse;border-spacing:0;}\n.tg td{vertical-align: middle; font-size:12px;padding:10px 5px;border-style:solid;border-width:1px;overflow:hidden;word-break:normal;border-color:#6fa4db;}\n.tg th{font-size:12px;font-weight:normal;padding:10px 5px;border-style:solid;border-width:1px;overflow:hidden;word-break:normal;border-color:#6fa4db;}\n.tg .tg-s6z2{text-align:center}\n.tg .tg-s268{text-align:left}\ntable.tg {max-width: 600px; margin: 10px; background-color: white;}\n<\/style>\n<table class=\"tg\" style=\"undefined;table-layout: fixed\">\n<colgroup>\n<col style=\"width: 154px\">\n<col style=\"width: 770px\">\n<\/colgroup>\n<tr>\n<th class=\"tg-s6z2\" colspan=\"2\"><span style=\"font-weight:bold\">INFORMACI\u00d3N B\u00c1SICA SOBRE NUESTRA POL\u00cdTICA DE PRIVACIDAD<\/span><\/th>\n<\/tr>\n<tr>\n<td class=\"tg-s268\"><span style=\"font-weight:bold\">Responsable<\/span><\/td>\n<td class=\"tg-s268\">TECH VALUE IB\u00c9RICA SL<\/td>\n<\/tr>\n<tr>\n<td class=\"tg-s268\"><span style=\"font-weight:bold\">Finalidad<\/span><\/td>\n<td class=\"tg-s268\">Atender consultas planteadas, enviar informaci\u00f3n y presupuesto sobre los servicios solicitados, prestar el servicio contratado.<\/td>\n<\/tr>\n<tr>\n<td class=\"tg-s268\"><span style=\"font-weight:bold\">Legitimaci\u00f3n<\/span><\/td>\n<td class=\"tg-s268\">Medidas precontractuales, inter\u00e9s leg\u00edtimo y cumplimiento de misi\u00f3n en inter\u00e9s p\u00fablico.<\/td>\n<\/tr>\n<tr>\n<td class=\"tg-s268\"><span style=\"font-weight:bold\">Destinatarios<\/span><\/td>\n<td class=\"tg-s268\">Proveedores de Servicios de Sociedad de la informaci\u00f3n<\/td>\n<\/tr>\n<tr>\n<td class=\"tg-s268\"><span style=\"font-weight:bold\">Derechos<\/span><\/td>\n<td class=\"tg-s268\">Ejercicio de los derechos de acceso, rectificaci\u00f3n, supresi\u00f3n, portabilidad y limitaci\u00f3n.<\/td>\n<\/tr>\n<tr>\n<td class=\"tg-s268\"><span style=\"font-weight:bold\">M\u00e1s informaci\u00f3n<\/span><\/td>\n<td class=\"tg-s268\">Consulta la <a href=\"\/politica-de-privacidad\/\" target=\"_blank\">Pol\u00edtica de Privacidad<\/a><\/td>\n<\/tr>\n<\/table>\n<div class=\"form-row\">\n<div class=\"column-full\"><input type=\"submit\" value=\"Enviar\" class=\"wpcf7-form-control wpcf7-submit\" \/><\/div>\n<\/div>\n<\/div>\n<p><!--end responsive-form--><\/p>\n<div class=\"wpcf7-response-output\" role=\"alert\" aria-hidden=\"true\"><\/div><\/form><\/div><\/div>[\/vc_column][vc_column width=&#8221;1\/6&#8243;][\/vc_column][\/vc_row]<\/p>\n","protected":false},"excerpt":{"rendered":"<p>[vc_row type=&#8221;full-width-section&#8221; css=&#8221;.vc_custom_1437391503172{margin-bottom: 0px !important;padding-top: 90px !important;padding-bottom: 40px !important;}&#8221;][vc_column width=&#8221;1\/4&#8243; css=&#8221;.vc_custom_1437391519704{padding-bottom: 50px !important;}&#8221;][\/vc_column][vc_column width=&#8221;1\/2&#8243; css=&#8221;.vc_custom_1437391524745{padding-bottom: 50px !important;}&#8221;][vc_single_image image=&#8221;366&#8243; img_size=&#8221;full&#8221; alignment=&#8221;center&#8221;][vc_custom_heading text=&#8221;Contact&#8221; font_container=&#8221;tag:h2|text_align:center|color:%230056b3&#8243; google_fonts=&#8221;font_family:Roboto%20Slab%3A100%2C300%2Cregular%2C700|font_style:400%20regular%3A400%3Anormal&#8221;][vc_column_text font_size=&#8221;18&#8243;] You can contact or request the registration of our services through the following form. Once we have received your message, we will process your request and we will respond as soon<br \/><a href=\"https:\/\/www.namebook.es\/en\/contact\/\" class=\"more\">Read more<\/a><\/p>\n","protected":false},"author":1,"featured_media":0,"parent":0,"menu_order":0,"comment_status":"closed","ping_status":"closed","template":"","meta":[],"_links":{"self":[{"href":"https:\/\/www.namebook.es\/en\/wp-json\/wp\/v2\/pages\/629"}],"collection":[{"href":"https:\/\/www.namebook.es\/en\/wp-json\/wp\/v2\/pages"}],"about":[{"href":"https:\/\/www.namebook.es\/en\/wp-json\/wp\/v2\/types\/page"}],"author":[{"embeddable":true,"href":"https:\/\/www.namebook.es\/en\/wp-json\/wp\/v2\/users\/1"}],"replies":[{"embeddable":true,"href":"https:\/\/www.namebook.es\/en\/wp-json\/wp\/v2\/comments?post=629"}],"version-history":[{"count":2,"href":"https:\/\/www.namebook.es\/en\/wp-json\/wp\/v2\/pages\/629\/revisions"}],"predecessor-version":[{"id":632,"href":"https:\/\/www.namebook.es\/en\/wp-json\/wp\/v2\/pages\/629\/revisions\/632"}],"wp:attachment":[{"href":"https:\/\/www.namebook.es\/en\/wp-json\/wp\/v2\/media?parent=629"}],"curies":[{"name":"wp","href":"https:\/\/api.w.org\/{rel}","templated":true}]}}