{"id":645,"date":"2019-02-26T12:22:54","date_gmt":"2019-02-26T11:22:54","guid":{"rendered":"http:\/\/www.namebook.es\/preguntas-frecuentes\/"},"modified":"2019-08-06T15:47:57","modified_gmt":"2019-08-06T13:47:57","slug":"preguntes-frequents","status":"publish","type":"page","link":"https:\/\/www.namebook.es\/ca\/preguntes-frequents\/","title":{"rendered":"Preguntes freq\u00fcents"},"content":{"rendered":"<p>[vc_row type=&#8221;full-width-section&#8221; css=&#8221;.vc_custom_1551178995648{margin-bottom: 0px !important;padding-top: 90px !important;padding-bottom: 10px !important;}&#8221;][vc_column width=&#8221;1\/4&#8243; css=&#8221;.vc_custom_1437391519704{padding-bottom: 50px !important;}&#8221;][\/vc_column][vc_column width=&#8221;1\/2&#8243; css=&#8221;.vc_custom_1437391524745{padding-bottom: 50px !important;}&#8221;][vc_single_image image=&#8221;368&#8243; img_size=&#8221;full&#8221; alignment=&#8221;center&#8221;][vc_custom_heading text=&#8221;Preguntes freq\u00fcents&#8221; font_container=&#8221;tag:h2|text_align:center|color:%230056b3&#8243; google_fonts=&#8221;font_family:Roboto%20Slab%3A100%2C300%2Cregular%2C700|font_style:400%20regular%3A400%3Anormal&#8221;][vc_column_text font_size=&#8221;18&#8243;]<\/p>\n<p style=\"text-align: center;\"><span style=\"color: #000000;\">A continuaci\u00f3 et detallem la soluci\u00f3 a les preguntes m\u00e9s freq\u00fcents. Si no trobes la que resol el teu problema, no dubtis en <a href=\"\/ca\/contacte\/\"><strong>contactar-nos<\/strong><\/a>.<\/span><\/p>\n<p>[\/vc_column_text][\/vc_column][vc_column width=&#8221;1\/4&#8243;][\/vc_column][\/vc_row][vc_row type=&#8221;full-width-section&#8221; css=&#8221;.vc_custom_1551180873591{margin-bottom: 0px !important;padding-top: 10px !important;padding-bottom: 0px !important;}&#8221;][vc_column width=&#8221;1\/6&#8243; css=&#8221;.vc_custom_1551177731494{padding-bottom: 50px !important;}&#8221;][\/vc_column][vc_column width=&#8221;2\/3&#8243; css=&#8221;.vc_custom_1551177741087{padding-bottom: 50px !important;}&#8221;][vc_custom_heading text=&#8221;General&#8221; font_container=&#8221;tag:h3|text_align:left|color:%230056b3&#8243; google_fonts=&#8221;font_family:Roboto%20Slab%3A100%2C300%2Cregular%2C700|font_style:400%20regular%3A400%3Anormal&#8221;][vc_accordion active_tab=&#8221;false&#8221; collapsible=&#8221;yes&#8221; style=&#8221;rd_acc_16&#8243;][vc_accordion_tab title=&#8221;\u00bfAmb quins navegadors funciona NameBook?&#8221; content_text_color=&#8221;#000000&#8243; content_bg_color=&#8221;#ffffff&#8221; active_title_color=&#8221;#ffffff&#8221; active_bg_color=&#8221;#3157b0&#8243; title_color=&#8221;#6fa4db&#8221; title_bg_color=&#8221;#ebf8fc&#8221; border_color=&#8221;#6fa4db&#8221;][vc_column_text font_size=&#8221;16&#8243; css=&#8221;.vc_custom_1552911625372{padding-top: 15px !important;padding-right: 40px !important;padding-bottom: 15px !important;padding-left: 40px !important;}&#8221;]<span style=\"color: #000000;\">El funcionament de NameBook ha estat homologat sobre Microsoft Internet Explorer fins a la versi\u00f3 8, Mozilla FireFox versi\u00f3 3.5, Google Chrome 4.0 i Apple Safari 4.0.<\/span>[\/vc_column_text][\/vc_accordion_tab][vc_accordion_tab title=&#8221;Quin tipus de connexi\u00f3 a Internet requereix NameBook?&#8221; content_text_color=&#8221;#000000&#8243; content_bg_color=&#8221;#ffffff&#8221; active_title_color=&#8221;#ffffff&#8221; active_bg_color=&#8221;#3157b0&#8243; title_color=&#8221;#6fa4db&#8221; title_bg_color=&#8221;#ebf8fc&#8221; border_color=&#8221;#6fa4db&#8221;][vc_column_text font_size=&#8221;16&#8243; css=&#8221;.vc_custom_1552911655073{padding-top: 15px !important;padding-right: 40px !important;padding-bottom: 15px !important;padding-left: 40px !important;}&#8221;]<span style=\"color: #000000;\">NameBook requereix simplement una connexi\u00f3 tipus ADSL de 1MB. Com m\u00e9s r\u00e0pida sigui la connexi\u00f3, m\u00e9s r\u00e0pid ser\u00e0 l&#8217;acc\u00e9s al servei.<\/span>[\/vc_column_text][\/vc_accordion_tab][vc_accordion_tab title=&#8221;Quin programari necessito perqu\u00e8 funcioni NameBook?&#8221; content_text_color=&#8221;#000000&#8243; content_bg_color=&#8221;#ffffff&#8221; active_title_color=&#8221;#ffffff&#8221; active_bg_color=&#8221;#3157b0&#8243; title_color=&#8221;#6fa4db&#8221; title_bg_color=&#8221;#ebf8fc&#8221; border_color=&#8221;#6fa4db&#8221;][vc_column_text font_size=&#8221;16&#8243; css=&#8221;.vc_custom_1552911684808{padding-top: 15px !important;padding-right: 40px !important;padding-bottom: 15px !important;padding-left: 40px !important;}&#8221;]<span style=\"color: #000000;\">Perqu\u00e8 funcioni NameBook nom\u00e9s necessita un navegador d&#8217;Internet com els indicats en el punt 1.<\/span>[\/vc_column_text][\/vc_accordion_tab][vc_accordion_tab title=&#8221;Vull m\u00e9s informaci\u00f3 sobre NameBook com tarifes o funcions que exerceix. Qu\u00e8 he de fer?&#8221; content_text_color=&#8221;#000000&#8243; content_bg_color=&#8221;#ffffff&#8221; active_title_color=&#8221;#ffffff&#8221; active_bg_color=&#8221;#3157b0&#8243; title_color=&#8221;#6fa4db&#8221; title_bg_color=&#8221;#ebf8fc&#8221; border_color=&#8221;#6fa4db&#8221;][vc_column_text font_size=&#8221;16&#8243; css=&#8221;.vc_custom_1552911708514{padding-top: 15px !important;padding-right: 40px !important;padding-bottom: 15px !important;padding-left: 40px !important;}&#8221;]<span style=\"color: #000000;\">Contacteu amb el centre d&#8217;atenci\u00f3 al client en el +34 934080803 o envieu un missatge a trav\u00e9s de la secci\u00f3 Atenci\u00f3 al Client.<\/span>[\/vc_column_text][\/vc_accordion_tab][vc_accordion_tab title=&#8221;M&#8217;agradaria tenir un usuari de prova.&#8221; content_text_color=&#8221;#000000&#8243; content_bg_color=&#8221;#ffffff&#8221; active_title_color=&#8221;#ffffff&#8221; active_bg_color=&#8221;#3157b0&#8243; title_color=&#8221;#6fa4db&#8221; title_bg_color=&#8221;#ebf8fc&#8221; border_color=&#8221;#6fa4db&#8221;][vc_column_text font_size=&#8221;16&#8243; css=&#8221;.vc_custom_1552911733208{padding-top: 15px !important;padding-right: 40px !important;padding-bottom: 15px !important;padding-left: 40px !important;}&#8221;]<span style=\"color: #000000;\">Pot sol\u00b7licitar-se en contacte amb el Centre d&#8217;Atenci\u00f3 al Client.<\/span>[\/vc_column_text][\/vc_accordion_tab][vc_accordion_tab title=&#8221;Puc tenir diversos usuaris a la meva empresa i un que controli el que els altres han fet?&#8221; content_text_color=&#8221;#000000&#8243; content_bg_color=&#8221;#ffffff&#8221; active_title_color=&#8221;#ffffff&#8221; active_bg_color=&#8221;#3157b0&#8243; title_color=&#8221;#6fa4db&#8221; title_bg_color=&#8221;#ebf8fc&#8221; border_color=&#8221;#6fa4db&#8221;][vc_column_text font_size=&#8221;16&#8243; css=&#8221;.vc_custom_1552911793519{padding-top: 15px !important;padding-right: 40px !important;padding-bottom: 15px !important;padding-left: 40px !important;}&#8221;]<span style=\"color: #000000;\">Pot sol\u00b7licitar tants usuaris com vulgui i aquests poden tenir rol d&#8217;usuari o rol d&#8217;administrador. Els usuaris administradors podran canviar els par\u00e0metres administratius.<\/span>[\/vc_column_text][\/vc_accordion_tab][\/vc_accordion][\/vc_column][vc_column width=&#8221;1\/6&#8243;][\/vc_column][\/vc_row][vc_row type=&#8221;full-width-section&#8221; css=&#8221;.vc_custom_1551178978297{margin-bottom: 0px !important;padding-top: 10px !important;padding-bottom: 40px !important;}&#8221;][vc_column width=&#8221;1\/6&#8243; css=&#8221;.vc_custom_1551177731494{padding-bottom: 50px !important;}&#8221;][\/vc_column][vc_column width=&#8221;2\/3&#8243; css=&#8221;.vc_custom_1551177741087{padding-bottom: 50px !important;}&#8221;][vc_custom_heading text=&#8221;Problemes d&#8217;acc\u00e9s&#8221; font_container=&#8221;tag:h3|text_align:left|color:%230056b3&#8243; google_fonts=&#8221;font_family:Roboto%20Slab%3A100%2C300%2Cregular%2C700|font_style:400%20regular%3A400%3Anormal&#8221;][vc_accordion active_tab=&#8221;false&#8221; collapsible=&#8221;yes&#8221; style=&#8221;rd_acc_16&#8243;][vc_accordion_tab title=&#8221;Se m&#8217;ha oblidat la clau d&#8217;acc\u00e9s. Qu\u00e8 he de fer?&#8221; content_text_color=&#8221;#000000&#8243; content_bg_color=&#8221;#ffffff&#8221; active_title_color=&#8221;#ffffff&#8221; active_bg_color=&#8221;#3157b0&#8243; title_color=&#8221;#6fa4db&#8221; title_bg_color=&#8221;#ebf8fc&#8221; border_color=&#8221;#6fa4db&#8221;][vc_column_text font_size=&#8221;16&#8243; css=&#8221;.vc_custom_1552911825374{padding-top: 15px !important;padding-right: 40px !important;padding-bottom: 15px !important;padding-left: 40px !important;}&#8221;]<span style=\"color: #000000;\">En aquest cas ha de sol\u00b7licitar una nova clau a trav\u00e9s de l&#8217;opci\u00f3 oblidat la clau?<\/span>[\/vc_column_text][\/vc_accordion_tab][vc_accordion_tab title=&#8221;En introduir l&#8217;usuari i la clau d&#8217;acc\u00e9s em mostra un missatge? Indicant que s\u00f3n err\u00f2nies. Qu\u00e8 he de fer?&#8221; content_text_color=&#8221;#000000&#8243; content_bg_color=&#8221;#ffffff&#8221; active_title_color=&#8221;#ffffff&#8221; active_bg_color=&#8221;#3157b0&#8243; title_color=&#8221;#6fa4db&#8221; title_bg_color=&#8221;#ebf8fc&#8221; border_color=&#8221;#6fa4db&#8221;][vc_column_text font_size=&#8221;16&#8243; css=&#8221;.vc_custom_1552911857599{padding-top: 15px !important;padding-right: 40px !important;padding-bottom: 15px !important;padding-left: 40px !important;}&#8221;]<span style=\"color: #000000;\">Assegureu-vos que l&#8217;usuari i la contrasenya introdu\u00efts s\u00f3n correctes i no contenen espais. Si tot i aix\u00ed no pot accedir al servei, sol\u00b7liciti una nova a trav\u00e9s de l&#8217;opci\u00f3 oblidat la clau? o contacti amb el Centre d&#8217;Atenci\u00f3 al Client.<\/span>[\/vc_column_text][\/vc_accordion_tab][vc_accordion_tab title=&#8221;Quins sistemes de seguretat utilitza NameBook per impedir que? L&#8217;usuari, clau i les dades que introdueixo en NameBook com? Les recerques siguin capturats per terceres persones?&#8221; content_text_color=&#8221;#000000&#8243; content_bg_color=&#8221;#ffffff&#8221; active_title_color=&#8221;#ffffff&#8221; active_bg_color=&#8221;#3157b0&#8243; title_color=&#8221;#6fa4db&#8221; title_bg_color=&#8221;#ebf8fc&#8221; border_color=&#8221;#6fa4db&#8221;][vc_column_text font_size=&#8221;16&#8243; css=&#8221;.vc_custom_1552911883093{padding-top: 15px !important;padding-right: 40px !important;padding-bottom: 15px !important;padding-left: 40px !important;}&#8221;]<span style=\"color: #000000;\">NameBook \u00e9s un servei web encriptat mitjan\u00e7ant el protocol SSL (Secure Socket Layer) amb clau d&#8217;encriptaci\u00f3 de 128 bits i el certificat ha estat expedit per la certificadora World Trust mundialment reconeguda.<\/span>[\/vc_column_text][\/vc_accordion_tab][vc_accordion_tab title=&#8221;Com puc accedir a trav\u00e9s del DNI electr\u00f2nic?&#8221; content_text_color=&#8221;#000000&#8243; content_bg_color=&#8221;#ffffff&#8221; active_title_color=&#8221;#ffffff&#8221; active_bg_color=&#8221;#3157b0&#8243; title_color=&#8221;#6fa4db&#8221; title_bg_color=&#8221;#ebf8fc&#8221; border_color=&#8221;#6fa4db&#8221;][vc_column_text font_size=&#8221;16&#8243; css=&#8221;.vc_custom_1552911902621{padding-top: 15px !important;padding-right: 40px !important;padding-bottom: 15px !important;padding-left: 40px !important;}&#8221;]<span style=\"color: #000000;\">Aquesta opci\u00f3 encara no est\u00e0 disponible.<\/span>[\/vc_column_text][\/vc_accordion_tab][\/vc_accordion][\/vc_column][vc_column width=&#8221;1\/6&#8243;][\/vc_column][\/vc_row]<\/p>\n","protected":false},"excerpt":{"rendered":"<p>[vc_row type=&#8221;full-width-section&#8221; css=&#8221;.vc_custom_1551178995648{margin-bottom: 0px !important;padding-top: 90px !important;padding-bottom: 10px !important;}&#8221;][vc_column width=&#8221;1\/4&#8243; css=&#8221;.vc_custom_1437391519704{padding-bottom: 50px !important;}&#8221;][\/vc_column][vc_column width=&#8221;1\/2&#8243; css=&#8221;.vc_custom_1437391524745{padding-bottom: 50px !important;}&#8221;][vc_single_image image=&#8221;368&#8243; img_size=&#8221;full&#8221; alignment=&#8221;center&#8221;][vc_custom_heading text=&#8221;Preguntes freq\u00fcents&#8221; font_container=&#8221;tag:h2|text_align:center|color:%230056b3&#8243; google_fonts=&#8221;font_family:Roboto%20Slab%3A100%2C300%2Cregular%2C700|font_style:400%20regular%3A400%3Anormal&#8221;][vc_column_text font_size=&#8221;18&#8243;] A continuaci\u00f3 et detallem la soluci\u00f3 a les preguntes m\u00e9s freq\u00fcents. Si no trobes la que resol el teu problema, no dubtis en contactar-nos. [\/vc_column_text][\/vc_column][vc_column width=&#8221;1\/4&#8243;][\/vc_column][\/vc_row][vc_row type=&#8221;full-width-section&#8221; css=&#8221;.vc_custom_1551180873591{margin-bottom: 0px !important;padding-top:<br \/><a href=\"https:\/\/www.namebook.es\/ca\/preguntes-frequents\/\" class=\"more\">Read more<\/a><\/p>\n","protected":false},"author":1,"featured_media":0,"parent":0,"menu_order":0,"comment_status":"closed","ping_status":"closed","template":"","meta":[],"_links":{"self":[{"href":"https:\/\/www.namebook.es\/ca\/wp-json\/wp\/v2\/pages\/645"}],"collection":[{"href":"https:\/\/www.namebook.es\/ca\/wp-json\/wp\/v2\/pages"}],"about":[{"href":"https:\/\/www.namebook.es\/ca\/wp-json\/wp\/v2\/types\/page"}],"author":[{"embeddable":true,"href":"https:\/\/www.namebook.es\/ca\/wp-json\/wp\/v2\/users\/1"}],"replies":[{"embeddable":true,"href":"https:\/\/www.namebook.es\/ca\/wp-json\/wp\/v2\/comments?post=645"}],"version-history":[{"count":4,"href":"https:\/\/www.namebook.es\/ca\/wp-json\/wp\/v2\/pages\/645\/revisions"}],"predecessor-version":[{"id":870,"href":"https:\/\/www.namebook.es\/ca\/wp-json\/wp\/v2\/pages\/645\/revisions\/870"}],"wp:attachment":[{"href":"https:\/\/www.namebook.es\/ca\/wp-json\/wp\/v2\/media?parent=645"}],"curies":[{"name":"wp","href":"https:\/\/api.w.org\/{rel}","templated":true}]}}