{"id":583,"date":"2019-02-21T13:22:06","date_gmt":"2019-02-21T12:22:06","guid":{"rendered":"http:\/\/www.namebook.es\/pbc\/"},"modified":"2019-03-18T12:27:30","modified_gmt":"2019-03-18T11:27:30","slug":"pbc","status":"publish","type":"page","link":"https:\/\/www.namebook.es\/ca\/pbc\/","title":{"rendered":"PBC"},"content":{"rendered":"<p>[vc_row type=&#8221;full-width-section&#8221; css=&#8221;.vc_custom_1437391503172{margin-bottom: 0px !important;padding-top: 90px !important;padding-bottom: 40px !important;}&#8221;][vc_column width=&#8221;1\/4&#8243; css=&#8221;.vc_custom_1437391519704{padding-bottom: 50px !important;}&#8221;][\/vc_column][vc_column width=&#8221;1\/2&#8243; css=&#8221;.vc_custom_1437391524745{padding-bottom: 50px !important;}&#8221;][vc_single_image image=&#8221;370&#8243; img_size=&#8221;full&#8221; alignment=&#8221;center&#8221;][vc_custom_heading text=&#8221;PBC&#8221; font_container=&#8221;tag:h2|text_align:center|color:%230056b3&#8243; google_fonts=&#8221;font_family:Roboto%20Slab%3A100%2C300%2Cregular%2C700|font_style:400%20regular%3A400%3Anormal&#8221;][vc_column_text font_size=&#8221;18&#8243;]<\/p>\n<p style=\"text-align: center;\"><span style=\"color: #000000;\">La legislaci\u00f3 actual obliga a <strong>entitats de cr\u00e8dit i professionals liberals (advocats, assessors fiscals i notaris, entre d&#8217;altres)<\/strong> a disposar de protocols d&#8217;actuaci\u00f3 i controls de risc per detectar si algun dels seus clients utilitza els seus serveis per blanquejar diners.<\/span><\/p>\n<p style=\"text-align: center;\"><span style=\"color: #000000;\">Les entitats i professions susceptibles de ser utilitzades per blanquejar diners hauran d&#8217;aplicar una pol\u00edtica de control de risc &#8216;refor\u00e7ada&#8217; quan els seus clients siguin <strong>&#8216;persones de l&#8217;\u00e0mbit pol\u00edtic&#8217;<\/strong> nacionals o estrangers, \u00e9s a dir, totes les persones amb un potencial de relaci\u00f3 pol\u00edtica (caps d&#8217;Estat, de Govern, ministres, secretaris d&#8217;Estat o subsecretaris, parlamentaris, membres del Tribunal Suprem i Constitucional aix\u00ed com ambaixadors o membres dels \u00f2rgans d&#8217;administraci\u00f3 d&#8217;empreses p\u00fabliques, aix\u00ed com als pares, germans i fills de la &#8216;persona de l&#8217; \u00e0mbit pol\u00edtic &#8216; i els seus c\u00f2njuges o parelles c\u00e0rrecs electes de l&#8217;administraci\u00f3 local i auton\u00f2mica, com alcaldes i presidents regionals).<\/span><\/p>\n<p style=\"text-align: center;\"><span style=\"color: #000000;\">Addicionalment, s&#8217;han de controlar <strong>totes les persones amb antecedents en el delicte de blanqueig, tr\u00e0fic d&#8217;armes, narcotr\u00e0fic i altres.<\/strong><\/span><\/p>\n<p style=\"text-align: center;\"><span style=\"color: #000000;\">A efectes pr\u00e0ctics, aix\u00f2 significa que bancs i altres entitats financeres, casinos, notaris, advocats, immobili\u00e0ries o assessors fiscals, entre d&#8217;altres professions, han de disposar de procediments adequats per determinar si el seu client \u00e9s una <strong>&#8216;persona de l&#8217;\u00e0mbit pol\u00edtic&#8217;<\/strong>.<\/span><\/p>\n<p>[\/vc_column_text][\/vc_column][vc_column width=&#8221;1\/4&#8243;][\/vc_column][\/vc_row][vc_row type=&#8221;full-width-section&#8221; css=&#8221;.vc_custom_1550587046387{margin-bottom: 0px !important;padding-top: 150px !important;padding-bottom: 150px !important;background-color: #ebf8fc !important;}&#8221;][vc_column width=&#8221;1\/6&#8243;][\/vc_column][vc_column width=&#8221;2\/3&#8243;][vc_custom_heading text=&#8221;Fonts d&#8217;informaci\u00f3:&#8221; font_container=&#8221;tag:h3|text_align:center|color:%230056b3&#8243; google_fonts=&#8221;font_family:Roboto%20Slab%3A100%2C300%2Cregular%2C700|font_style:400%20regular%3A400%3Anormal&#8221;][vc_column_text font_size=&#8221;18&#8243;]<\/p>\n<p style=\"text-align: center;\"><span style=\"color: #000000;\">Sepblac: <a href=\"https:\/\/www.sepblac.es\" target=\"_blank\" rel=\"noopener noreferrer\"><em>www.sepblac.es<\/em><\/a><\/span><\/p>\n<p style=\"text-align: center;\"><span style=\"color: #000000;\">Llei 10\/2010 de 28 d&#8217;Abril de prevenci\u00f3 del blanqueig de capitals i de finan\u00e7ament del terrorisme: <\/span><a href=\"http:\/\/www.sepblac.es\/espanol\/legislacion\/prevbcap\/pdf\/ley10_2010.pdf\" target=\"_blank\" rel=\"noopener noreferrer\"><em>www.sepblac.es\/espanol\/legislacion\/prevbcap\/pdf\/ley10_2010.pdf<\/em><\/a><\/p>\n<p style=\"text-align: center;\"><span style=\"color: #000000;\">Comissi\u00f3 de prevenci\u00f3 del blanqueig de capitals i infraccions monet\u00e0ries: <\/span><a href=\"http:\/\/www.cpbc.tesoro.es\/\" target=\"_blank\" rel=\"noopener noreferrer\"><em>www.cpbc.tesoro.es<\/em><\/a><\/p>\n<p>[\/vc_column_text][\/vc_column][vc_column width=&#8221;1\/6&#8243;][\/vc_column][\/vc_row]<\/p>\n","protected":false},"excerpt":{"rendered":"<p>[vc_row type=&#8221;full-width-section&#8221; css=&#8221;.vc_custom_1437391503172{margin-bottom: 0px !important;padding-top: 90px !important;padding-bottom: 40px !important;}&#8221;][vc_column width=&#8221;1\/4&#8243; css=&#8221;.vc_custom_1437391519704{padding-bottom: 50px !important;}&#8221;][\/vc_column][vc_column width=&#8221;1\/2&#8243; css=&#8221;.vc_custom_1437391524745{padding-bottom: 50px !important;}&#8221;][vc_single_image image=&#8221;370&#8243; img_size=&#8221;full&#8221; alignment=&#8221;center&#8221;][vc_custom_heading text=&#8221;PBC&#8221; font_container=&#8221;tag:h2|text_align:center|color:%230056b3&#8243; google_fonts=&#8221;font_family:Roboto%20Slab%3A100%2C300%2Cregular%2C700|font_style:400%20regular%3A400%3Anormal&#8221;][vc_column_text font_size=&#8221;18&#8243;] La legislaci\u00f3 actual obliga a entitats de cr\u00e8dit i professionals liberals (advocats, assessors fiscals i notaris, entre d&#8217;altres) a disposar de protocols d&#8217;actuaci\u00f3 i controls de risc per detectar si algun<br \/><a href=\"https:\/\/www.namebook.es\/ca\/pbc\/\" class=\"more\">Read more<\/a><\/p>\n","protected":false},"author":1,"featured_media":0,"parent":0,"menu_order":0,"comment_status":"closed","ping_status":"closed","template":"","meta":[],"_links":{"self":[{"href":"https:\/\/www.namebook.es\/ca\/wp-json\/wp\/v2\/pages\/583"}],"collection":[{"href":"https:\/\/www.namebook.es\/ca\/wp-json\/wp\/v2\/pages"}],"about":[{"href":"https:\/\/www.namebook.es\/ca\/wp-json\/wp\/v2\/types\/page"}],"author":[{"embeddable":true,"href":"https:\/\/www.namebook.es\/ca\/wp-json\/wp\/v2\/users\/1"}],"replies":[{"embeddable":true,"href":"https:\/\/www.namebook.es\/ca\/wp-json\/wp\/v2\/comments?post=583"}],"version-history":[{"count":2,"href":"https:\/\/www.namebook.es\/ca\/wp-json\/wp\/v2\/pages\/583\/revisions"}],"predecessor-version":[{"id":585,"href":"https:\/\/www.namebook.es\/ca\/wp-json\/wp\/v2\/pages\/583\/revisions\/585"}],"wp:attachment":[{"href":"https:\/\/www.namebook.es\/ca\/wp-json\/wp\/v2\/media?parent=583"}],"curies":[{"name":"wp","href":"https:\/\/api.w.org\/{rel}","templated":true}]}}