{"id":580,"date":"2019-02-21T13:00:51","date_gmt":"2019-02-21T12:00:51","guid":{"rendered":"http:\/\/www.namebook.es\/versiones\/"},"modified":"2019-09-03T10:59:38","modified_gmt":"2019-09-03T08:59:38","slug":"versions","status":"publish","type":"page","link":"https:\/\/www.namebook.es\/ca\/versions\/","title":{"rendered":"Versions"},"content":{"rendered":"<p>[vc_row type=&#8221;full-width-section&#8221; css=&#8221;.vc_custom_1437391503172{margin-bottom: 0px !important;padding-top: 90px !important;padding-bottom: 40px !important;}&#8221;][vc_column width=&#8221;1\/4&#8243; css=&#8221;.vc_custom_1437391519704{padding-bottom: 50px !important;}&#8221;][\/vc_column][vc_column width=&#8221;1\/2&#8243; css=&#8221;.vc_custom_1437391524745{padding-bottom: 50px !important;}&#8221;][vc_single_image image=&#8221;365&#8243; img_size=&#8221;full&#8221; alignment=&#8221;center&#8221;][vc_custom_heading text=&#8221;NameBook Cloud&#8221; font_container=&#8221;tag:h2|text_align:center|color:%230056b3&#8243; google_fonts=&#8221;font_family:Roboto%20Slab%3A100%2C300%2Cregular%2C700|font_style:400%20regular%3A400%3Anormal&#8221;][vc_column_text font_size=&#8221;18&#8243;]<\/p>\n<p style=\"text-align: center;\"><span style=\"color: #000000;\">Versi\u00f3 de NameBook disponible en el n\u00favol. No requereix cap instal\u00b7laci\u00f3 de programari. Accessible pels usuaris o directament pels seus sistemes inform\u00e0tics per via telem\u00e0tica (webservices o API).<\/span><\/p>\n<p>[\/vc_column_text][\/vc_column][vc_column width=&#8221;1\/4&#8243;][\/vc_column][\/vc_row][vc_row type=&#8221;full-width-section&#8221; css=&#8221;.vc_custom_1550587046387{margin-bottom: 0px !important;padding-top: 150px !important;padding-bottom: 150px !important;background-color: #ebf8fc !important;}&#8221;][vc_column width=&#8221;1\/6&#8243;][\/vc_column][vc_column width=&#8221;2\/3&#8243;][vc_single_image image=&#8221;367&#8243; img_size=&#8221;full&#8221; alignment=&#8221;center&#8221;][vc_custom_heading text=&#8221;NameBook Enterprise&#8221; font_container=&#8221;tag:h2|text_align:center|color:%230056b3&#8243; google_fonts=&#8221;font_family:Roboto%20Slab%3A100%2C300%2Cregular%2C700|font_style:400%20regular%3A400%3Anormal&#8221;][vc_column_text font_size=&#8221;18&#8243;]<\/p>\n<p style=\"text-align: center;\"><span style=\"color: #000000;\">Versi\u00f3 de NameBook dissenyada sobretot per a grans empreses o entitats financeres a les que els interessi tenir el servidor de NameBook a les seves instal\u00b7lacions.<\/span><\/p>\n<p style=\"text-align: center;\"><span style=\"color: #000000;\">NameBook Enterprise, a m\u00e9s de les caracter\u00edstiques de la versi\u00f3 en l\u00ednia, inclou caracter\u00edstiques avan\u00e7ades i integraci\u00f3 amb els sistemes inform\u00e0tics de la seva entitat.<\/span><\/p>\n<p>[\/vc_column_text][\/vc_column][vc_column width=&#8221;1\/6&#8243;][\/vc_column][\/vc_row][vc_row type=&#8221;full-width-section&#8221; css=&#8221;.vc_custom_1437391503172{margin-bottom: 0px !important;padding-top: 90px !important;padding-bottom: 40px !important;}&#8221;][vc_column width=&#8221;1\/6&#8243; css=&#8221;.vc_custom_1550586941384{padding-bottom: 50px !important;}&#8221;][\/vc_column][vc_column width=&#8221;2\/3&#8243; css=&#8221;.vc_custom_1550586951394{padding-bottom: 50px !important;}&#8221;][vc_single_image image=&#8221;372&#8243; img_size=&#8221;full&#8221; alignment=&#8221;center&#8221;][vc_custom_heading text=&#8221;NameBook Profiling&#8221; font_container=&#8221;tag:h2|text_align:center|color:%230056b3&#8243; google_fonts=&#8221;font_family:Roboto%20Slab%3A100%2C300%2Cregular%2C700|font_style:400%20regular%3A400%3Anormal&#8221;][vc_column_text font_size=&#8221;18&#8243;]<\/p>\n<p style=\"text-align: center;\"><span style=\"color: #000000;\">NameBook Profiling \u00e9s el m\u00f2dul de NameBook Enterprise per a entitats financeres que vulguin analitzar el comportament dels seus clients per detectar operacions sospitoses de blanqueig de capitals. Aquest m\u00f2dul estableix un perfil individual de risc per a cada client.<\/span><\/p>\n<p style=\"text-align: center;\"><span style=\"color: #000000;\">NameBook Profiling calcula el perfil de risc d&#8217;un client basant-se en un sistema d&#8217;alertes parametritzables i integrades amb els sistemes de la seva entitat, localitza operacions sospitoses com transfer\u00e8ncies superiors a un import determinat o que en conjunt sumen aquest import, grans imposicions o retirades de diners en efectiu, comptes infantils amb moviments importants, etc.<\/span><\/p>\n<p>[\/vc_column_text][\/vc_column][vc_column width=&#8221;1\/6&#8243;][\/vc_column][\/vc_row]<\/p>\n","protected":false},"excerpt":{"rendered":"<p>[vc_row type=&#8221;full-width-section&#8221; css=&#8221;.vc_custom_1437391503172{margin-bottom: 0px !important;padding-top: 90px !important;padding-bottom: 40px !important;}&#8221;][vc_column width=&#8221;1\/4&#8243; css=&#8221;.vc_custom_1437391519704{padding-bottom: 50px !important;}&#8221;][\/vc_column][vc_column width=&#8221;1\/2&#8243; css=&#8221;.vc_custom_1437391524745{padding-bottom: 50px !important;}&#8221;][vc_single_image image=&#8221;365&#8243; img_size=&#8221;full&#8221; alignment=&#8221;center&#8221;][vc_custom_heading text=&#8221;NameBook Cloud&#8221; font_container=&#8221;tag:h2|text_align:center|color:%230056b3&#8243; google_fonts=&#8221;font_family:Roboto%20Slab%3A100%2C300%2Cregular%2C700|font_style:400%20regular%3A400%3Anormal&#8221;][vc_column_text font_size=&#8221;18&#8243;] Versi\u00f3 de NameBook disponible en el n\u00favol. No requereix cap instal\u00b7laci\u00f3 de programari. Accessible pels usuaris o directament pels seus sistemes inform\u00e0tics per via telem\u00e0tica (webservices o API). [\/vc_column_text][\/vc_column][vc_column width=&#8221;1\/4&#8243;][\/vc_column][\/vc_row][vc_row<br \/><a href=\"https:\/\/www.namebook.es\/ca\/versions\/\" class=\"more\">Read more<\/a><\/p>\n","protected":false},"author":1,"featured_media":0,"parent":0,"menu_order":0,"comment_status":"closed","ping_status":"closed","template":"","meta":[],"_links":{"self":[{"href":"https:\/\/www.namebook.es\/ca\/wp-json\/wp\/v2\/pages\/580"}],"collection":[{"href":"https:\/\/www.namebook.es\/ca\/wp-json\/wp\/v2\/pages"}],"about":[{"href":"https:\/\/www.namebook.es\/ca\/wp-json\/wp\/v2\/types\/page"}],"author":[{"embeddable":true,"href":"https:\/\/www.namebook.es\/ca\/wp-json\/wp\/v2\/users\/1"}],"replies":[{"embeddable":true,"href":"https:\/\/www.namebook.es\/ca\/wp-json\/wp\/v2\/comments?post=580"}],"version-history":[{"count":4,"href":"https:\/\/www.namebook.es\/ca\/wp-json\/wp\/v2\/pages\/580\/revisions"}],"predecessor-version":[{"id":961,"href":"https:\/\/www.namebook.es\/ca\/wp-json\/wp\/v2\/pages\/580\/revisions\/961"}],"wp:attachment":[{"href":"https:\/\/www.namebook.es\/ca\/wp-json\/wp\/v2\/media?parent=580"}],"curies":[{"name":"wp","href":"https:\/\/api.w.org\/{rel}","templated":true}]}}