{"id":574,"date":"2015-07-20T10:44:45","date_gmt":"2015-07-20T08:44:45","guid":{"rendered":"http:\/\/www.namebook.es\/home\/"},"modified":"2019-09-20T14:09:33","modified_gmt":"2019-09-20T12:09:33","slug":"home","status":"publish","type":"page","link":"https:\/\/www.namebook.es\/ca\/","title":{"rendered":"Inici"},"content":{"rendered":"<p>[vc_row type=&#8221;full-width-section&#8221; css=&#8221;.vc_custom_1437391503172{margin-bottom: 0px !important;padding-top: 90px !important;padding-bottom: 40px !important;}&#8221;][vc_column width=&#8221;1\/4&#8243; css=&#8221;.vc_custom_1437391519704{padding-bottom: 50px !important;}&#8221;][\/vc_column][vc_column width=&#8221;1\/2&#8243; css=&#8221;.vc_custom_1437391524745{padding-bottom: 50px !important;}&#8221;][vc_single_image image=&#8221;349&#8243; img_size=&#8221;full&#8221; alignment=&#8221;center&#8221;][vc_custom_heading text=&#8221;Qu\u00e8 \u00e9s Namebook?&#8221; font_container=&#8221;tag:h2|text_align:center|color:%230056b3&#8243; google_fonts=&#8221;font_family:Roboto%20Slab%3A100%2C300%2Cregular%2C700|font_style:400%20regular%3A400%3Anormal&#8221;][vc_column_text font_size=&#8221;18&#8243;]<\/p>\n<p style=\"text-align: center;\"><span style=\"color: #000000;\"><strong>NameBook<\/strong> \u00e9s un software per a la <strong>Prevenci\u00f3 del Blanqueig de Capitals<\/strong>.<\/span><\/p>\n<p style=\"text-align: center;\"><span style=\"color: #000000;\"><strong>Namebook<\/strong> permet detectar possibles blanquejadors i complir amb les obligacions de la Llei de <strong>Prevenci\u00f3 de Blanqueig del Capitals<\/strong>.<\/span><\/p>\n<p style=\"text-align: center;\"><span style=\"color: #000000;\">Amb <strong>Namebook<\/strong> s\u2019accedeix de forma r\u00e0pida i inteligent a una base de dades que cont\u00e9 m\u00e9s d\u2019un mili\u00f3 de fitxes amb informaci\u00f3 de persones i empreses de risc, relacionades amb la <strong>Prevenci\u00f3 del Blanqueig de Capitals<\/strong>.<\/span><\/p>\n<p>[\/vc_column_text][\/vc_column][vc_column width=&#8221;1\/4&#8243;][\/vc_column][\/vc_row][vc_row type=&#8221;full-width-section&#8221; css=&#8221;.vc_custom_1550587046387{margin-bottom: 0px !important;padding-top: 150px !important;padding-bottom: 150px !important;background-color: #ebf8fc !important;}&#8221;][vc_column width=&#8221;1\/6&#8243;][\/vc_column][vc_column width=&#8221;2\/3&#8243;][vc_single_image image=&#8221;348&#8243; img_size=&#8221;full&#8221; alignment=&#8221;center&#8221;][vc_custom_heading text=&#8221;Qui necessita Namebook?&#8221; font_container=&#8221;tag:h2|text_align:center|color:%230056b3&#8243; google_fonts=&#8221;font_family:Roboto%20Slab%3A100%2C300%2Cregular%2C700|font_style:400%20regular%3A400%3Anormal&#8221;][vc_column_text font_size=&#8221;18&#8243;]<\/p>\n<p style=\"text-align: center;\"><span style=\"color: #000000;\">La Llei de Prevenci\u00f3 de Blanqueig de Capitals i Finan\u00e7ament del Terrorisme obliga entitats jur\u00eddiques i persones f\u00edsiques, quan realitzen negocis d\u2019un import m\u00ednim, ha comprovar que la contrapartida no \u00e9s una persona f\u00edsica o jur\u00eddica de risc. Si fos aix\u00ed, haurien de realitzar una denuncia al SEPBLAC (<a href=\"https:\/\/www.sepblac.es\" target=\"_blank\" rel=\"noopener noreferrer\">www.sepblac.es<\/a>).<\/span><\/p>\n<p style=\"text-align: center;\"><span style=\"color: #000000;\">Els subjectes obligats s\u00f3n: <strong>Entitats Financeres, Asseguradores, Ag\u00e8ncies de Canvi i Borsa, Advocats, Notaris, Gestors, Agents de la Propietat Immobili\u00e0ria, Joiers, Marxants d\u2019art i antiguitats, Sector del Joc<\/strong>.<\/span><\/p>\n<p>[\/vc_column_text][\/vc_column][vc_column width=&#8221;1\/6&#8243;][\/vc_column][\/vc_row][vc_row type=&#8221;full-width-section&#8221; css=&#8221;.vc_custom_1437391503172{margin-bottom: 0px !important;padding-top: 90px !important;padding-bottom: 40px !important;}&#8221;][vc_column width=&#8221;1\/6&#8243; css=&#8221;.vc_custom_1550586941384{padding-bottom: 50px !important;}&#8221;][\/vc_column][vc_column width=&#8221;2\/3&#8243; css=&#8221;.vc_custom_1550586951394{padding-bottom: 50px !important;}&#8221;][vc_single_image image=&#8221;350&#8243; img_size=&#8221;full&#8221; alignment=&#8221;center&#8221;][vc_custom_heading text=&#8221;Qu\u00e8 cont\u00e9 la base de dades?&#8221; font_container=&#8221;tag:h2|text_align:center|color:%230056b3&#8243; google_fonts=&#8221;font_family:Roboto%20Slab%3A100%2C300%2Cregular%2C700|font_style:400%20regular%3A400%3Anormal&#8221;][vc_column_text font_size=&#8221;18&#8243;]<\/p>\n<p style=\"text-align: center;\"><span style=\"color: #000000;\">NameBook cont\u00e9 m\u00e9s de 1.000 llistes negres internacionals (OFAC, UE, ONU, INTERPOL, FBI\u2026) que cont\u00e9 informaci\u00f3 addicional i fotografies.<\/span><\/p>\n<p style=\"text-align: center;\"><span style=\"color: #000000;\">NameBook inclou tamb\u00e9 dades de cerca d\u2019un mili\u00f3 de persones i empreses de tot el m\u00f3n relacionades amb l\u2019\u00e0mbit pol\u00edtic (PEPS) o classificades amb risc. Aquesta informaci\u00f3 s\u2019elabora i actualitza di\u00e0riament per m\u00e9s de 500 investigadors repartits pels 5 continents.<\/span><\/p>\n<p style=\"text-align: center;\"><span style=\"color: #000000;\">La base de dades inclou fitxes amb fotografies, noms coneguts, dates de naixement, nacionalitats i resid\u00e8ncies, curr\u00edculums, familiars i persones pr\u00f2ximes aix\u00ed com refer\u00e8ncies a altres fonts d\u2019informaci\u00f3. En certs casos previstos per la Llei de protecci\u00f3 de dades s\u2019inclouen, tamb\u00e9 n\u00fameros de NIF, CIF o passaport.<\/span><\/p>\n<p>[\/vc_column_text][\/vc_column][vc_column width=&#8221;1\/6&#8243;][\/vc_column][\/vc_row]<\/p>\n","protected":false},"excerpt":{"rendered":"<p>[vc_row type=&#8221;full-width-section&#8221; css=&#8221;.vc_custom_1437391503172{margin-bottom: 0px !important;padding-top: 90px !important;padding-bottom: 40px !important;}&#8221;][vc_column width=&#8221;1\/4&#8243; css=&#8221;.vc_custom_1437391519704{padding-bottom: 50px !important;}&#8221;][\/vc_column][vc_column width=&#8221;1\/2&#8243; css=&#8221;.vc_custom_1437391524745{padding-bottom: 50px !important;}&#8221;][vc_single_image image=&#8221;349&#8243; img_size=&#8221;full&#8221; alignment=&#8221;center&#8221;][vc_custom_heading text=&#8221;Qu\u00e8 \u00e9s Namebook?&#8221; font_container=&#8221;tag:h2|text_align:center|color:%230056b3&#8243; google_fonts=&#8221;font_family:Roboto%20Slab%3A100%2C300%2Cregular%2C700|font_style:400%20regular%3A400%3Anormal&#8221;][vc_column_text font_size=&#8221;18&#8243;] NameBook \u00e9s un software per a la Prevenci\u00f3 del Blanqueig de Capitals. Namebook permet detectar possibles blanquejadors i complir amb les obligacions de la Llei de Prevenci\u00f3 de Blanqueig<br \/><a href=\"https:\/\/www.namebook.es\/ca\/\" class=\"more\">Read more<\/a><\/p>\n","protected":false},"author":1,"featured_media":0,"parent":0,"menu_order":0,"comment_status":"closed","ping_status":"closed","template":"","meta":[],"_links":{"self":[{"href":"https:\/\/www.namebook.es\/ca\/wp-json\/wp\/v2\/pages\/574"}],"collection":[{"href":"https:\/\/www.namebook.es\/ca\/wp-json\/wp\/v2\/pages"}],"about":[{"href":"https:\/\/www.namebook.es\/ca\/wp-json\/wp\/v2\/types\/page"}],"author":[{"embeddable":true,"href":"https:\/\/www.namebook.es\/ca\/wp-json\/wp\/v2\/users\/1"}],"replies":[{"embeddable":true,"href":"https:\/\/www.namebook.es\/ca\/wp-json\/wp\/v2\/comments?post=574"}],"version-history":[{"count":3,"href":"https:\/\/www.namebook.es\/ca\/wp-json\/wp\/v2\/pages\/574\/revisions"}],"predecessor-version":[{"id":995,"href":"https:\/\/www.namebook.es\/ca\/wp-json\/wp\/v2\/pages\/574\/revisions\/995"}],"wp:attachment":[{"href":"https:\/\/www.namebook.es\/ca\/wp-json\/wp\/v2\/media?parent=574"}],"curies":[{"name":"wp","href":"https:\/\/api.w.org\/{rel}","templated":true}]}}