{"id":1196,"date":"2023-10-27T11:46:31","date_gmt":"2023-10-27T09:46:31","guid":{"rendered":"https:\/\/www.namebook.es\/?page_id=1196"},"modified":"2023-11-14T15:21:02","modified_gmt":"2023-11-14T14:21:02","slug":"software-prevencion-blanqueo-capitales","status":"publish","type":"page","link":"https:\/\/www.namebook.es\/ca\/software-prevencion-blanqueo-capitales\/","title":{"rendered":"Software Prevenci\u00f3 Blanqueig Capitals"},"content":{"rendered":"<p>[vc_row type=&#8221;full-width-section&#8221; css=&#8221;.vc_custom_1437391503172{margin-bottom: 0px !important;padding-top: 90px !important;padding-bottom: 40px !important;}&#8221;][vc_column width=&#8221;1\/4&#8243; css=&#8221;.vc_custom_1437391519704{padding-bottom: 50px !important;}&#8221;][\/vc_column][vc_column width=&#8221;1\/2&#8243; css=&#8221;.vc_custom_1437391524745{padding-bottom: 50px !important;}&#8221;][vc_single_image image=&#8221;349&#8243; img_size=&#8221;full&#8221; alignment=&#8221;center&#8221;][vc_custom_heading text=&#8221;Qu\u00e8 \u00e9s Namebook?&#8221; font_container=&#8221;tag:h2|text_align:center|color:%230056b3&#8243; google_fonts=&#8221;font_family:Roboto%20Slab%3A100%2C300%2Cregular%2C700|font_style:400%20regular%3A400%3Anormal&#8221;][vc_column_text font_size=&#8221;18&#8243;]<\/p>\n<p style=\"text-align: center; font-size: larger;\"><span style=\"color: #000000;\">La plataforma de <strong>Prevenci\u00f3 de Blanqueig de Capitals<\/strong> al seu abast per a totes les empreses..<\/span><\/p>\n<p style=\"text-align: center; font-size: larger;\"><span style=\"color: #000000;\"><strong>NameBook<\/strong> permet a la seva empresa obtenir la documentaci\u00f3 certificada per demostrar en tot moment la vinculaci\u00f3 o no dels seus clients amb llistes Internacionals de <strong>Prevenci\u00f3 de Blanqueig de Capitals.<\/strong><\/span><\/p>\n<p>&nbsp;<\/p>\n<div style=\"text-align: center; background-color: #0056b3; padding: 10px 20px;\"><a style=\"text-decoration: none; color: white; font-size: larger;\" href=\"https:\/\/www.namebook.es\/precios\/\">Prova gratu\u00efta<\/a><\/div>\n<p>[\/vc_column_text][\/vc_column][vc_column width=&#8221;1\/4&#8243;][\/vc_column][\/vc_row][vc_row type=&#8221;full-width-section&#8221; css=&#8221;.vc_custom_1550587046387{margin-bottom: 0px !important;padding-top: 150px !important;padding-bottom: 150px !important;background-color: #ebf8fc !important;}&#8221;][vc_column width=&#8221;1\/6&#8243;][\/vc_column][vc_column width=&#8221;2\/3&#8243;][vc_single_image image=&#8221;348&#8243; img_size=&#8221;full&#8221; alignment=&#8221;center&#8221;][vc_custom_heading text=&#8221;Qui necessita Namebook?&#8221; font_container=&#8221;tag:h2|text_align:center|color:%230056b3&#8243; google_fonts=&#8221;font_family:Roboto%20Slab%3A100%2C300%2Cregular%2C700|font_style:400%20regular%3A400%3Anormal&#8221;][vc_column_text font_size=&#8221;18&#8243;]<\/p>\n<p style=\"text-align: center; font-size: larger;\"><span style=\"color: #000000;\">Nombroses empreses estan obligades a complir amb la Llei de <strong>Prevenci\u00f3 de Blanqueig de Capitals<\/strong>.<\/span><\/p>\n<p style=\"text-align: center; font-size: larger;\"><span style=\"color: #000000;\"><strong>NameBook<\/strong>\u00a0\u00e9s la soluci\u00f3 integral de <strong>Prevenci\u00f3 de Blanqueig de Capitals<\/strong> de <strong>Tech-Value<\/strong>, utilitzada per m\u00e9s de 1000 advocats, agents de la propietat immobili\u00e0ria, entitats financeres, \u2026<\/span><\/p>\n<p style=\"text-align: center; color: #000000; font-size: larger;\">Amb <strong>NameBook<\/strong> s&#8217;accedeix de manera r\u00e0pida i intel\u00b7ligent a diverses bases de dades que contenen m\u00e9s d&#8217;un mili\u00f3 de fitxes amb informaci\u00f3 de persones i empreses de risc, relacionades amb la <strong>Prevenci\u00f3 del Blanqueig de Capitals<\/strong>.<\/p>\n<p>[\/vc_column_text][\/vc_column][vc_column width=&#8221;1\/6&#8243;][\/vc_column][\/vc_row][vc_row type=&#8221;full-width-section&#8221; css=&#8221;.vc_custom_1437391503172{margin-bottom: 0px !important;padding-top: 90px !important;padding-bottom: 40px !important;}&#8221;][vc_column width=&#8221;1\/6&#8243; css=&#8221;.vc_custom_1550586941384{padding-bottom: 50px !important;}&#8221;][\/vc_column][vc_column width=&#8221;2\/3&#8243; css=&#8221;.vc_custom_1550586951394{padding-bottom: 50px !important;}&#8221;][vc_single_image image=&#8221;350&#8243; img_size=&#8221;full&#8221; alignment=&#8221;center&#8221;][vc_custom_heading text=&#8221;Namebook consulta m\u00e9s de 1.500 bases de dades a nivell mundial, incloent Dow Jones Watchlist com la principal d&#8217;elles.&#8221; font_container=&#8221;tag:h2|text_align:center|color:%230056b3&#8243; google_fonts=&#8221;font_family:Roboto%20Slab%3A100%2C300%2Cregular%2C700|font_style:400%20regular%3A400%3Anormal&#8221;][vc_column_text font_size=&#8221;18&#8243;]<\/p>\n<p style=\"text-align: center; font-size: larger;\"><strong><span style=\"color: #000000;\">Dow Jones Watchlist \u00e9s la llista m\u00e9s utilitzada per tots els bancs del m\u00f3n.<\/span><\/strong><\/p>\n<p>&nbsp;<\/p>\n<div style=\"text-align: center; background-color: #0056b3; padding: 10px 20px;\"><a style=\"text-decoration: none; color: white; font-size: larger;\" href=\"https:\/\/www.namebook.es\/precios\/\">Prova gratu\u00efta<\/a><\/div>\n<p>&nbsp;<\/p>\n<p style=\"text-align: center; font-size: larger;\"><span style=\"color: #000000;\"><strong>Per a m\u00e9s informaci\u00f3<\/strong><\/span><\/p>\n<p style=\"text-align: center; font-size: larger;\"><a href=\"https:\/\/www.namebook.es\">www.namebook.es<\/a><\/p>\n<p style=\"text-align: center; font-size: larger;\"><a href=\"mailto:info-iberica@tech-value.com\">info-iberica@tech-value.com<\/a><\/p>\n<p>[\/vc_column_text][\/vc_column][vc_column width=&#8221;1\/6&#8243;][\/vc_column][\/vc_row]<\/p>\n","protected":false},"excerpt":{"rendered":"<p>[vc_row type=&#8221;full-width-section&#8221; css=&#8221;.vc_custom_1437391503172{margin-bottom: 0px !important;padding-top: 90px !important;padding-bottom: 40px !important;}&#8221;][vc_column width=&#8221;1\/4&#8243; css=&#8221;.vc_custom_1437391519704{padding-bottom: 50px !important;}&#8221;][\/vc_column][vc_column width=&#8221;1\/2&#8243; css=&#8221;.vc_custom_1437391524745{padding-bottom: 50px !important;}&#8221;][vc_single_image image=&#8221;349&#8243; img_size=&#8221;full&#8221; alignment=&#8221;center&#8221;][vc_custom_heading text=&#8221;Qu\u00e8 \u00e9s Namebook?&#8221; font_container=&#8221;tag:h2|text_align:center|color:%230056b3&#8243; google_fonts=&#8221;font_family:Roboto%20Slab%3A100%2C300%2Cregular%2C700|font_style:400%20regular%3A400%3Anormal&#8221;][vc_column_text font_size=&#8221;18&#8243;] La plataforma de Prevenci\u00f3 de Blanqueig de Capitals al seu abast per a totes les empreses.. NameBook permet a la seva empresa obtenir la documentaci\u00f3 certificada per demostrar en<br \/><a href=\"https:\/\/www.namebook.es\/ca\/software-prevencion-blanqueo-capitales\/\" class=\"more\">Read more<\/a><\/p>\n","protected":false},"author":2,"featured_media":0,"parent":0,"menu_order":0,"comment_status":"closed","ping_status":"closed","template":"","meta":[],"_links":{"self":[{"href":"https:\/\/www.namebook.es\/ca\/wp-json\/wp\/v2\/pages\/1196"}],"collection":[{"href":"https:\/\/www.namebook.es\/ca\/wp-json\/wp\/v2\/pages"}],"about":[{"href":"https:\/\/www.namebook.es\/ca\/wp-json\/wp\/v2\/types\/page"}],"author":[{"embeddable":true,"href":"https:\/\/www.namebook.es\/ca\/wp-json\/wp\/v2\/users\/2"}],"replies":[{"embeddable":true,"href":"https:\/\/www.namebook.es\/ca\/wp-json\/wp\/v2\/comments?post=1196"}],"version-history":[{"count":5,"href":"https:\/\/www.namebook.es\/ca\/wp-json\/wp\/v2\/pages\/1196\/revisions"}],"predecessor-version":[{"id":1249,"href":"https:\/\/www.namebook.es\/ca\/wp-json\/wp\/v2\/pages\/1196\/revisions\/1249"}],"wp:attachment":[{"href":"https:\/\/www.namebook.es\/ca\/wp-json\/wp\/v2\/media?parent=1196"}],"curies":[{"name":"wp","href":"https:\/\/api.w.org\/{rel}","templated":true}]}}