{"id":1030,"date":"2019-12-11T12:58:10","date_gmt":"2019-12-11T11:58:10","guid":{"rendered":"https:\/\/www.namebook.es\/preus\/instrucciones\/"},"modified":"2019-12-11T18:02:47","modified_gmt":"2019-12-11T17:02:47","slug":"instruccions","status":"publish","type":"page","link":"https:\/\/www.namebook.es\/ca\/preus\/instruccions\/","title":{"rendered":"Instruccions de pagament"},"content":{"rendered":"<p>[vc_row][vc_column width=&#8221;1\/6&#8243;][\/vc_column][vc_column width=&#8221;2\/3&#8243;]<style type='text\/css'> @font-face{font-family: 'ws'; src:url('https:\/\/www.namebook.es\/wp-content\/themes\/thefox\/includes\/4k-icons\/icons\/4k-icons-pack05\/icons\/fonts\/ws.eot'); src:url('https:\/\/www.namebook.es\/wp-content\/themes\/thefox\/includes\/4k-icons\/icons\/4k-icons-pack05\/icons\/fonts\/ws.eot?#iefix') format('embedded-opentype'), url('https:\/\/www.namebook.es\/wp-content\/themes\/thefox\/includes\/4k-icons\/icons\/4k-icons-pack05\/icons\/fonts\/ws.woff') format('woff'), url('https:\/\/www.namebook.es\/wp-content\/themes\/thefox\/includes\/4k-icons\/icons\/4k-icons-pack05\/icons\/fonts\/ws.ttf') format('truetype'), url('https:\/\/www.namebook.es\/wp-content\/themes\/thefox\/includes\/4k-icons\/icons\/4k-icons-pack05\/icons\/fonts\/ws.svg#oi') format('svg'); font-weight: normal; font-style: normal;}#fourk1 .ws-ok:before{font-family: 'ws'; font-weight: normal; font-style: normal;}#fourk1 .ws-ok:before{content: \"\\e80b\";}#fourk1{text-align:center}#fourk1 .fourk-icon{background-color: transparent}#fourk1 .fourk-icon:before{}#fourk1 .fourk-icon:after{}#fourk1 i{font-size:50px;line-height:50px;color:#81d742}#fourk1 .fourk-icon.hovered i{}#fourk1 i{text-align: center;}#fourk1{float: left; margin-right: 20px;}<\/style>\n<div id='fourk1' class='fourk-icon-container'><div class='fourk-icon none none' data-hover-trigger='icon' ><i class='ws-ok'><\/i><\/div><\/div>[vc_custom_heading text=&#8221;Ordre de compra creada amb \u00e8xit&#8221; font_container=&#8221;tag:h2|font_size:24|text_align:left&#8221; google_fonts=&#8221;font_family:Roboto%20Slab%3A100%2C300%2Cregular%2C700|font_style:400%20regular%3A400%3Anormal&#8221;][\/vc_column][vc_column width=&#8221;1\/6&#8243;][\/vc_column][\/vc_row][vc_row][vc_column width=&#8221;1\/6&#8243;][\/vc_column][vc_column width=&#8221;2\/3&#8243;][vc_column_text font_size=&#8221;18&#8243;]Moltes gr\u00e0cies pel seu inter\u00e8s, rebr\u00e0 en el seu email les instruccions per finalitzar el proc\u00e9s de compra[\/vc_column_text][\/vc_column][vc_column width=&#8221;1\/6&#8243;][\/vc_column][\/vc_row]<\/p>\n","protected":false},"excerpt":{"rendered":"<p>[vc_row][vc_column width=&#8221;1\/6&#8243;][\/vc_column][vc_column width=&#8221;2\/3&#8243;] [vc_custom_heading text=&#8221;Ordre de compra creada amb \u00e8xit&#8221; font_container=&#8221;tag:h2|font_size:24|text_align:left&#8221; google_fonts=&#8221;font_family:Roboto%20Slab%3A100%2C300%2Cregular%2C700|font_style:400%20regular%3A400%3Anormal&#8221;][\/vc_column][vc_column width=&#8221;1\/6&#8243;][\/vc_column][\/vc_row][vc_row][vc_column width=&#8221;1\/6&#8243;][\/vc_column][vc_column width=&#8221;2\/3&#8243;][vc_column_text font_size=&#8221;18&#8243;]Moltes gr\u00e0cies pel seu inter\u00e8s, rebr\u00e0 en el seu email les instruccions per finalitzar el proc\u00e9s de compra[\/vc_column_text][\/vc_column][vc_column width=&#8221;1\/6&#8243;][\/vc_column][\/vc_row]<br \/><a href=\"https:\/\/www.namebook.es\/ca\/preus\/instruccions\/\" class=\"more\">Read more<\/a><\/p>\n","protected":false},"author":2,"featured_media":0,"parent":951,"menu_order":0,"comment_status":"closed","ping_status":"closed","template":"","meta":[],"_links":{"self":[{"href":"https:\/\/www.namebook.es\/ca\/wp-json\/wp\/v2\/pages\/1030"}],"collection":[{"href":"https:\/\/www.namebook.es\/ca\/wp-json\/wp\/v2\/pages"}],"about":[{"href":"https:\/\/www.namebook.es\/ca\/wp-json\/wp\/v2\/types\/page"}],"author":[{"embeddable":true,"href":"https:\/\/www.namebook.es\/ca\/wp-json\/wp\/v2\/users\/2"}],"replies":[{"embeddable":true,"href":"https:\/\/www.namebook.es\/ca\/wp-json\/wp\/v2\/comments?post=1030"}],"version-history":[{"count":3,"href":"https:\/\/www.namebook.es\/ca\/wp-json\/wp\/v2\/pages\/1030\/revisions"}],"predecessor-version":[{"id":1056,"href":"https:\/\/www.namebook.es\/ca\/wp-json\/wp\/v2\/pages\/1030\/revisions\/1056"}],"up":[{"embeddable":true,"href":"https:\/\/www.namebook.es\/ca\/wp-json\/wp\/v2\/pages\/951"}],"wp:attachment":[{"href":"https:\/\/www.namebook.es\/ca\/wp-json\/wp\/v2\/media?parent=1030"}],"curies":[{"name":"wp","href":"https:\/\/api.w.org\/{rel}","templated":true}]}}