{"id":1020,"date":"2019-07-29T13:01:05","date_gmt":"2019-07-29T11:01:05","guid":{"rendered":"https:\/\/www.namebook.es\/preus\/error\/"},"modified":"2019-12-11T18:02:20","modified_gmt":"2019-12-11T17:02:20","slug":"error","status":"publish","type":"page","link":"https:\/\/www.namebook.es\/ca\/preus\/error\/","title":{"rendered":"Error en el seu pagament"},"content":{"rendered":"<p>[vc_row][vc_column width=&#8221;1\/6&#8243;][\/vc_column][vc_column width=&#8221;2\/3&#8243;]<style type='text\/css'> @font-face{font-family: 'wb'; src:url('https:\/\/www.namebook.es\/wp-content\/themes\/thefox\/includes\/4k-icons\/icons\/4k-icons-pack05\/icons\/fonts\/wb.eot'); src:url('https:\/\/www.namebook.es\/wp-content\/themes\/thefox\/includes\/4k-icons\/icons\/4k-icons-pack05\/icons\/fonts\/wb.eot?#iefix') format('embedded-opentype'), url('https:\/\/www.namebook.es\/wp-content\/themes\/thefox\/includes\/4k-icons\/icons\/4k-icons-pack05\/icons\/fonts\/wb.woff') format('woff'), url('https:\/\/www.namebook.es\/wp-content\/themes\/thefox\/includes\/4k-icons\/icons\/4k-icons-pack05\/icons\/fonts\/wb.ttf') format('truetype'), url('https:\/\/www.namebook.es\/wp-content\/themes\/thefox\/includes\/4k-icons\/icons\/4k-icons-pack05\/icons\/fonts\/wb.svg#oi') format('svg'); font-weight: normal; font-style: normal;}#fourk1 .wb-error2:before{font-family: 'wb'; font-weight: normal; font-style: normal;}#fourk1 .wb-error2:before{content: \"\\f05a\";}#fourk1{text-align:center}#fourk1 .fourk-icon{background-color: transparent}#fourk1 .fourk-icon:before{}#fourk1 .fourk-icon:after{}#fourk1 i{font-size:50px;line-height:50px;color:#dd3333}#fourk1 .fourk-icon.hovered i{}#fourk1 i{text-align: center;}#fourk1{float: left; margin-right: 20px;}<\/style>\n<div id='fourk1' class='fourk-icon-container'><div class='fourk-icon none none' data-hover-trigger='icon' ><i class='wb-error2'><\/i><\/div><\/div>[vc_custom_heading text=&#8221;Error al realitzar el pagament&#8221; font_container=&#8221;tag:h2|font_size:24|text_align:left&#8221; google_fonts=&#8221;font_family:Roboto%20Slab%3A100%2C300%2Cregular%2C700|font_style:400%20regular%3A400%3Anormal&#8221;][\/vc_column][vc_column width=&#8221;1\/6&#8243;][\/vc_column][\/vc_row][vc_row][vc_column width=&#8221;1\/6&#8243;][\/vc_column][vc_column width=&#8221;2\/3&#8243;][vc_column_text font_size=&#8221;18&#8243;]S&#8217;ha produ\u00eft un error en el proc\u00e9s de compra, si us plau contacti amb el nostre equip de suport si ho considera necessari a la secci\u00f3 de <a href=\"\/ca\/contacte\">Contacte<\/a>[\/vc_column_text][\/vc_column][vc_column width=&#8221;1\/6&#8243;][\/vc_column][\/vc_row]<\/p>\n","protected":false},"excerpt":{"rendered":"<p>[vc_row][vc_column width=&#8221;1\/6&#8243;][\/vc_column][vc_column width=&#8221;2\/3&#8243;] [vc_custom_heading text=&#8221;Error al realitzar el pagament&#8221; font_container=&#8221;tag:h2|font_size:24|text_align:left&#8221; google_fonts=&#8221;font_family:Roboto%20Slab%3A100%2C300%2Cregular%2C700|font_style:400%20regular%3A400%3Anormal&#8221;][\/vc_column][vc_column width=&#8221;1\/6&#8243;][\/vc_column][\/vc_row][vc_row][vc_column width=&#8221;1\/6&#8243;][\/vc_column][vc_column width=&#8221;2\/3&#8243;][vc_column_text font_size=&#8221;18&#8243;]S&#8217;ha produ\u00eft un error en el proc\u00e9s de compra, si us plau contacti amb el nostre equip de suport si ho considera necessari a la secci\u00f3 de Contacte[\/vc_column_text][\/vc_column][vc_column width=&#8221;1\/6&#8243;][\/vc_column][\/vc_row]<br \/><a href=\"https:\/\/www.namebook.es\/ca\/preus\/error\/\" class=\"more\">Read more<\/a><\/p>\n","protected":false},"author":2,"featured_media":0,"parent":951,"menu_order":0,"comment_status":"closed","ping_status":"closed","template":"","meta":[],"_links":{"self":[{"href":"https:\/\/www.namebook.es\/ca\/wp-json\/wp\/v2\/pages\/1020"}],"collection":[{"href":"https:\/\/www.namebook.es\/ca\/wp-json\/wp\/v2\/pages"}],"about":[{"href":"https:\/\/www.namebook.es\/ca\/wp-json\/wp\/v2\/types\/page"}],"author":[{"embeddable":true,"href":"https:\/\/www.namebook.es\/ca\/wp-json\/wp\/v2\/users\/2"}],"replies":[{"embeddable":true,"href":"https:\/\/www.namebook.es\/ca\/wp-json\/wp\/v2\/comments?post=1020"}],"version-history":[{"count":4,"href":"https:\/\/www.namebook.es\/ca\/wp-json\/wp\/v2\/pages\/1020\/revisions"}],"predecessor-version":[{"id":1053,"href":"https:\/\/www.namebook.es\/ca\/wp-json\/wp\/v2\/pages\/1020\/revisions\/1053"}],"up":[{"embeddable":true,"href":"https:\/\/www.namebook.es\/ca\/wp-json\/wp\/v2\/pages\/951"}],"wp:attachment":[{"href":"https:\/\/www.namebook.es\/ca\/wp-json\/wp\/v2\/media?parent=1020"}],"curies":[{"name":"wp","href":"https:\/\/api.w.org\/{rel}","templated":true}]}}